{"id":89,"date":"2016-05-20T14:26:29","date_gmt":"2016-05-20T14:26:29","guid":{"rendered":"http:\/\/www.can-borrell.com\/?page_id=89"},"modified":"2016-10-07T19:51:37","modified_gmt":"2016-10-07T19:51:37","slug":"caminada-hasta-la-ermita-de-sant-medir","status":"publish","type":"page","link":"https:\/\/www.can-borrell.com\/es\/excursiones\/caminada-hasta-la-ermita-de-sant-medir\/","title":{"rendered":"Caminada hasta la Ermita de Sant Medir"},"content":{"rendered":"<div class=\"float:left\"><img decoding=\"async\" class=\"txt-foto-isqui alignleft\" title=\"Foto cedida por el Consorci del Parc de Collserola\" src=\"\/wp-content\/uploads\/assets\/f_excursio_6.jpg\" alt=\"\" \/><img decoding=\"async\" class=\" c-b alignleft\" style=\"clear: both;\" title=\"Foto cedida por el Consorci del Parc de Collserola\" src=\"\/wp-content\/uploads\/assets\/f_excursio_6b.jpg\" alt=\"\" \/><\/div>\n<div class=\"float:left\">Fue una de las cinco parroquias que exist\u00edan al t\u00e9rmino municipal de Sant Cugat y depend\u00eda del Monestir de Sant Cugat. Est\u00e1 ubicada en el mismo valle de Gausac. Aunque hay documentaci\u00f3n del siglo IX y X que habla del valle de Sant Medir, no consta expresamente que la capilla estuviera construida. El primer documento donde se cita propiamente es del siglo XIII.<\/div>\n<div class=\"float:left\">La existencia de la ermita en este lugar, est\u00e1 ligada a la leyenda del martirio de Sant Sever, obispo de Barcelona; y de Sant Medir, campesino de la regi\u00f3n.<\/div>\n<div class=\"float:left\">La edificaci\u00f3n es de estilo rom\u00e1nico pero ha sido muy reformada posteriormente.<\/div>\n<div class=\"float:left\">El Aplec de Sant Medir se celebra cada a\u00f1o el d\u00eda 3 de marzo. Sus or\u00edgenes se remontan al a\u00f1o 1830, impulsado por un panadero de Sant Cugat que viv\u00eda en la villa de Gr\u00e0cia.<\/div>\n<div id=\"ressenya\" class=\"ta-right\"><b class=\"ressenya-durada\">Duraci\u00f3n:<\/b> 45 minutos (ida)<br \/>\n<b class=\"ressenya-distancia\">Distancia:<\/b> 2,2 Km<br \/>\n<b class=\"ressenya-dificultat\">Dificultad:<\/b> media-baja. Pista ancha<br \/>\n<a class=\"dins btn btn-success\" href=\"\/view-document\/?doc=google.com\/maps\/d\/embed?mid=1uQ47UCYNdJy5VLBAgc0w26s3rFw\" > Ver mapa<\/a><\/div>\n","protected":false},"excerpt":{"rendered":"<p>Fue una de las cinco parroquias que exist\u00edan al t\u00e9rmino municipal de Sant Cugat y depend\u00eda del Monestir de Sant Cugat. Est\u00e1 ubicada en el mismo valle de Gausac. Aunque hay documentaci\u00f3n del siglo IX y X que habla del valle de Sant Medir, no consta expresamente que la capilla estuviera construida. El primer documento [&hellip;]<\/p>\n","protected":false},"author":1,"featured_media":0,"parent":64,"menu_order":0,"comment_status":"closed","ping_status":"closed","template":"page_excursions_template.php","meta":{"footnotes":""},"yoast_head":"<!-- This site is optimized with the Yoast SEO plugin v22.8 - https:\/\/yoast.com\/wordpress\/plugins\/seo\/ -->\n<title>Caminada hasta la Ermita de Sant Medir - Restaurant Can Borrell<\/title>\n<meta name=\"robots\" content=\"index, follow, max-snippet:-1, max-image-preview:large, max-video-preview:-1\" \/>\n<link rel=\"canonical\" href=\"https:\/\/www.can-borrell.com\/caminada-fins-a-lermita-de-sant-medir\/\" \/>\n<meta property=\"og:locale\" content=\"es_ES\" \/>\n<meta property=\"og:type\" content=\"article\" \/>\n<meta property=\"og:title\" content=\"Caminada hasta la Ermita de Sant Medir - Restaurant Can Borrell\" \/>\n<meta property=\"og:description\" content=\"Fue una de las cinco parroquias que exist\u00edan al t\u00e9rmino municipal de Sant Cugat y depend\u00eda del Monestir de Sant Cugat. Est\u00e1 ubicada en el mismo valle de Gausac. Aunque hay documentaci\u00f3n del siglo IX y X que habla del valle de Sant Medir, no consta expresamente que la capilla estuviera construida. El primer documento [&hellip;]\" \/>\n<meta property=\"og:url\" content=\"https:\/\/www.can-borrell.com\/caminada-fins-a-lermita-de-sant-medir\/\" \/>\n<meta property=\"og:site_name\" content=\"Restaurant Can Borrell\" \/>\n<meta property=\"article:modified_time\" content=\"2016-10-07T19:51:37+00:00\" \/>\n<meta name=\"twitter:card\" content=\"summary_large_image\" \/>\n<meta name=\"twitter:label1\" content=\"Est. reading time\" \/>\n\t<meta name=\"twitter:data1\" content=\"1 minute\" \/>\n<script type=\"application\/ld+json\" class=\"yoast-schema-graph\">{\"@context\":\"https:\/\/schema.org\",\"@graph\":[{\"@type\":\"WebPage\",\"@id\":\"https:\/\/www.can-borrell.com\/caminada-fins-a-lermita-de-sant-medir\/\",\"url\":\"https:\/\/www.can-borrell.com\/caminada-fins-a-lermita-de-sant-medir\/\",\"name\":\"Caminada hasta la Ermita de Sant Medir - Restaurant Can Borrell\",\"isPartOf\":{\"@id\":\"https:\/\/www.can-borrell.com\/#website\"},\"datePublished\":\"2016-05-20T14:26:29+00:00\",\"dateModified\":\"2016-10-07T19:51:37+00:00\",\"breadcrumb\":{\"@id\":\"https:\/\/www.can-borrell.com\/caminada-fins-a-lermita-de-sant-medir\/#breadcrumb\"},\"inLanguage\":\"es-ES\",\"potentialAction\":[{\"@type\":\"ReadAction\",\"target\":[\"https:\/\/www.can-borrell.com\/caminada-fins-a-lermita-de-sant-medir\/\"]}]},{\"@type\":\"BreadcrumbList\",\"@id\":\"https:\/\/www.can-borrell.com\/caminada-fins-a-lermita-de-sant-medir\/#breadcrumb\",\"itemListElement\":[{\"@type\":\"ListItem\",\"position\":1,\"name\":\"Home\",\"item\":\"https:\/\/www.can-borrell.com\/\"},{\"@type\":\"ListItem\",\"position\":2,\"name\":\"Sugerencias del chef&#8230;\",\"item\":\"https:\/\/www.can-borrell.com\/es\/excursiones\/\"},{\"@type\":\"ListItem\",\"position\":3,\"name\":\"Caminada hasta la Ermita de Sant Medir\"}]},{\"@type\":\"WebSite\",\"@id\":\"https:\/\/www.can-borrell.com\/#website\",\"url\":\"https:\/\/www.can-borrell.com\/\",\"name\":\"Restaurant Can Borrell\",\"description\":\"Traditional catalan and mediterranean cuisine\",\"potentialAction\":[{\"@type\":\"SearchAction\",\"target\":{\"@type\":\"EntryPoint\",\"urlTemplate\":\"https:\/\/www.can-borrell.com\/?s={search_term_string}\"},\"query-input\":\"required name=search_term_string\"}],\"inLanguage\":\"es-ES\"}]}<\/script>\n<!-- \/ Yoast SEO plugin. -->","yoast_head_json":{"title":"Caminada hasta la Ermita de Sant Medir - Restaurant Can Borrell","robots":{"index":"index","follow":"follow","max-snippet":"max-snippet:-1","max-image-preview":"max-image-preview:large","max-video-preview":"max-video-preview:-1"},"canonical":"https:\/\/www.can-borrell.com\/caminada-fins-a-lermita-de-sant-medir\/","og_locale":"es_ES","og_type":"article","og_title":"Caminada hasta la Ermita de Sant Medir - Restaurant Can Borrell","og_description":"Fue una de las cinco parroquias que exist\u00edan al t\u00e9rmino municipal de Sant Cugat y depend\u00eda del Monestir de Sant Cugat. Est\u00e1 ubicada en el mismo valle de Gausac. Aunque hay documentaci\u00f3n del siglo IX y X que habla del valle de Sant Medir, no consta expresamente que la capilla estuviera construida. El primer documento [&hellip;]","og_url":"https:\/\/www.can-borrell.com\/caminada-fins-a-lermita-de-sant-medir\/","og_site_name":"Restaurant Can Borrell","article_modified_time":"2016-10-07T19:51:37+00:00","twitter_card":"summary_large_image","twitter_misc":{"Est. reading time":"1 minute"},"schema":{"@context":"https:\/\/schema.org","@graph":[{"@type":"WebPage","@id":"https:\/\/www.can-borrell.com\/caminada-fins-a-lermita-de-sant-medir\/","url":"https:\/\/www.can-borrell.com\/caminada-fins-a-lermita-de-sant-medir\/","name":"Caminada hasta la Ermita de Sant Medir - Restaurant Can Borrell","isPartOf":{"@id":"https:\/\/www.can-borrell.com\/#website"},"datePublished":"2016-05-20T14:26:29+00:00","dateModified":"2016-10-07T19:51:37+00:00","breadcrumb":{"@id":"https:\/\/www.can-borrell.com\/caminada-fins-a-lermita-de-sant-medir\/#breadcrumb"},"inLanguage":"es-ES","potentialAction":[{"@type":"ReadAction","target":["https:\/\/www.can-borrell.com\/caminada-fins-a-lermita-de-sant-medir\/"]}]},{"@type":"BreadcrumbList","@id":"https:\/\/www.can-borrell.com\/caminada-fins-a-lermita-de-sant-medir\/#breadcrumb","itemListElement":[{"@type":"ListItem","position":1,"name":"Home","item":"https:\/\/www.can-borrell.com\/"},{"@type":"ListItem","position":2,"name":"Sugerencias del chef&#8230;","item":"https:\/\/www.can-borrell.com\/es\/excursiones\/"},{"@type":"ListItem","position":3,"name":"Caminada hasta la Ermita de Sant Medir"}]},{"@type":"WebSite","@id":"https:\/\/www.can-borrell.com\/#website","url":"https:\/\/www.can-borrell.com\/","name":"Restaurant Can Borrell","description":"Traditional catalan and mediterranean cuisine","potentialAction":[{"@type":"SearchAction","target":{"@type":"EntryPoint","urlTemplate":"https:\/\/www.can-borrell.com\/?s={search_term_string}"},"query-input":"required name=search_term_string"}],"inLanguage":"es-ES"}]}},"_links":{"self":[{"href":"https:\/\/www.can-borrell.com\/es\/wp-json\/wp\/v2\/pages\/89"}],"collection":[{"href":"https:\/\/www.can-borrell.com\/es\/wp-json\/wp\/v2\/pages"}],"about":[{"href":"https:\/\/www.can-borrell.com\/es\/wp-json\/wp\/v2\/types\/page"}],"author":[{"embeddable":true,"href":"https:\/\/www.can-borrell.com\/es\/wp-json\/wp\/v2\/users\/1"}],"replies":[{"embeddable":true,"href":"https:\/\/www.can-borrell.com\/es\/wp-json\/wp\/v2\/comments?post=89"}],"version-history":[{"count":4,"href":"https:\/\/www.can-borrell.com\/es\/wp-json\/wp\/v2\/pages\/89\/revisions"}],"predecessor-version":[{"id":1123,"href":"https:\/\/www.can-borrell.com\/es\/wp-json\/wp\/v2\/pages\/89\/revisions\/1123"}],"up":[{"embeddable":true,"href":"https:\/\/www.can-borrell.com\/es\/wp-json\/wp\/v2\/pages\/64"}],"wp:attachment":[{"href":"https:\/\/www.can-borrell.com\/es\/wp-json\/wp\/v2\/media?parent=89"}],"curies":[{"name":"wp","href":"https:\/\/api.w.org\/{rel}","templated":true}]}}