{"id":86,"date":"2016-05-20T13:58:17","date_gmt":"2016-05-20T13:58:17","guid":{"rendered":"http:\/\/www.can-borrell.com\/?page_id=86"},"modified":"2016-10-07T19:50:08","modified_gmt":"2016-10-07T19:50:08","slug":"en-bicicleta-hasta-sant-cugat","status":"publish","type":"page","link":"https:\/\/www.can-borrell.com\/es\/en-bicicleta-hasta-sant-cugat\/","title":{"rendered":"En bicicleta hasta Sant Cugat"},"content":{"rendered":"<h2 class=\"titol\"><img decoding=\"async\" class=\"txt-foto-isqui alignleft\" title=\"Foto cedida por el Consorci del Parc de Collserola\" src=\"\/wp-content\/uploads\/assets\/f_excursio_5.jpg\" alt=\"\" \/><\/h2>\n<p>Si hab\u00e9is llevado las bicicletas, os proponemos un paseo con ni\u00f1os para descubrir el Parc de Collserola y sus rincones en bicicleta. La ruta se puede hacer con ni\u00f1os a partir de 8 a\u00f1os. El recorrido total incluyendo ida y vuelta es de 4,6 km y no presenta dificultades ni desniveles.<\/p>\n<p>Cerca del final del recorrido, encontrar\u00e9is el Pi d&#8217;en Xandri, su historia la encontrar\u00e9is resumida en una peque\u00f1a placa en los pies del \u00e1rbol.<\/p>\n<p>\u00c9ste es uno de los 10 paseos para hacer con la familia en bicicleta que encontrar\u00e9is en la &#8216;Guia del Parc de Collserola en bicicleta de muntanya&#8217; que contiene un total de 27 recorridos.<\/p>\n<div id=\"ressenya\" class=\"ta-right\">\n<b class=\"ressenya-durada\">Duraci\u00f3n:<\/b> 1 hora a ritmo suave (ida y vuelta)<br \/>\n<b class=\"ressenya-distancia\">Distancia:<\/b> 2,3 Km<br \/>\n<b class=\"ressenya-dificultat\">Dificultad:<\/b> media-baja. Pista ancha<br \/>\n<a class=\"dins btn btn-success\" href=\"\/view-document\/?doc=google.com\/maps\/d\/embed?mid=10XfBFsws36NY4weQ32Srfp2oYPI\"> Ver mapa<\/a>\n<\/div>\n","protected":false},"excerpt":{"rendered":"<p>Si hab\u00e9is llevado las bicicletas, os proponemos un paseo con ni\u00f1os para descubrir el Parc de Collserola y sus rincones en bicicleta. La ruta se puede hacer con ni\u00f1os a partir de 8 a\u00f1os. El recorrido total incluyendo ida y vuelta es de 4,6 km y no presenta dificultades ni desniveles. Cerca del final del [&hellip;]<\/p>\n","protected":false},"author":1,"featured_media":0,"parent":0,"menu_order":0,"comment_status":"closed","ping_status":"closed","template":"page_excursions_template.php","meta":{"footnotes":""},"yoast_head":"<!-- This site is optimized with the Yoast SEO plugin v22.8 - https:\/\/yoast.com\/wordpress\/plugins\/seo\/ -->\n<title>En bicicleta hasta Sant Cugat - Restaurant Can Borrell<\/title>\n<meta name=\"robots\" content=\"index, follow, max-snippet:-1, max-image-preview:large, max-video-preview:-1\" \/>\n<link rel=\"canonical\" href=\"https:\/\/www.can-borrell.com\/excursions\/en-bicicleta-hasta-sant-cugat\/\" \/>\n<meta property=\"og:locale\" content=\"es_ES\" \/>\n<meta property=\"og:type\" content=\"article\" \/>\n<meta property=\"og:title\" content=\"En bicicleta hasta Sant Cugat - Restaurant Can Borrell\" \/>\n<meta property=\"og:description\" content=\"Si hab\u00e9is llevado las bicicletas, os proponemos un paseo con ni\u00f1os para descubrir el Parc de Collserola y sus rincones en bicicleta. La ruta se puede hacer con ni\u00f1os a partir de 8 a\u00f1os. El recorrido total incluyendo ida y vuelta es de 4,6 km y no presenta dificultades ni desniveles. Cerca del final del [&hellip;]\" \/>\n<meta property=\"og:url\" content=\"https:\/\/www.can-borrell.com\/excursions\/en-bicicleta-hasta-sant-cugat\/\" \/>\n<meta property=\"og:site_name\" content=\"Restaurant Can Borrell\" \/>\n<meta property=\"article:modified_time\" content=\"2016-10-07T19:50:08+00:00\" \/>\n<meta name=\"twitter:card\" content=\"summary_large_image\" \/>\n<meta name=\"twitter:label1\" content=\"Est. reading time\" \/>\n\t<meta name=\"twitter:data1\" content=\"1 minute\" \/>\n<script type=\"application\/ld+json\" class=\"yoast-schema-graph\">{\"@context\":\"https:\/\/schema.org\",\"@graph\":[{\"@type\":\"WebPage\",\"@id\":\"https:\/\/www.can-borrell.com\/excursions\/en-bicicleta-hasta-sant-cugat\/\",\"url\":\"https:\/\/www.can-borrell.com\/excursions\/en-bicicleta-hasta-sant-cugat\/\",\"name\":\"En bicicleta hasta Sant Cugat - Restaurant Can Borrell\",\"isPartOf\":{\"@id\":\"https:\/\/www.can-borrell.com\/#website\"},\"datePublished\":\"2016-05-20T13:58:17+00:00\",\"dateModified\":\"2016-10-07T19:50:08+00:00\",\"breadcrumb\":{\"@id\":\"https:\/\/www.can-borrell.com\/excursions\/en-bicicleta-hasta-sant-cugat\/#breadcrumb\"},\"inLanguage\":\"es-ES\",\"potentialAction\":[{\"@type\":\"ReadAction\",\"target\":[\"https:\/\/www.can-borrell.com\/excursions\/en-bicicleta-hasta-sant-cugat\/\"]}]},{\"@type\":\"BreadcrumbList\",\"@id\":\"https:\/\/www.can-borrell.com\/excursions\/en-bicicleta-hasta-sant-cugat\/#breadcrumb\",\"itemListElement\":[{\"@type\":\"ListItem\",\"position\":1,\"name\":\"Home\",\"item\":\"https:\/\/www.can-borrell.com\/\"},{\"@type\":\"ListItem\",\"position\":2,\"name\":\"En bicicleta hasta Sant Cugat\"}]},{\"@type\":\"WebSite\",\"@id\":\"https:\/\/www.can-borrell.com\/#website\",\"url\":\"https:\/\/www.can-borrell.com\/\",\"name\":\"Restaurant Can Borrell\",\"description\":\"Traditional catalan and mediterranean cuisine\",\"potentialAction\":[{\"@type\":\"SearchAction\",\"target\":{\"@type\":\"EntryPoint\",\"urlTemplate\":\"https:\/\/www.can-borrell.com\/?s={search_term_string}\"},\"query-input\":\"required name=search_term_string\"}],\"inLanguage\":\"es-ES\"}]}<\/script>\n<!-- \/ Yoast SEO plugin. -->","yoast_head_json":{"title":"En bicicleta hasta Sant Cugat - Restaurant Can Borrell","robots":{"index":"index","follow":"follow","max-snippet":"max-snippet:-1","max-image-preview":"max-image-preview:large","max-video-preview":"max-video-preview:-1"},"canonical":"https:\/\/www.can-borrell.com\/excursions\/en-bicicleta-hasta-sant-cugat\/","og_locale":"es_ES","og_type":"article","og_title":"En bicicleta hasta Sant Cugat - Restaurant Can Borrell","og_description":"Si hab\u00e9is llevado las bicicletas, os proponemos un paseo con ni\u00f1os para descubrir el Parc de Collserola y sus rincones en bicicleta. La ruta se puede hacer con ni\u00f1os a partir de 8 a\u00f1os. El recorrido total incluyendo ida y vuelta es de 4,6 km y no presenta dificultades ni desniveles. Cerca del final del [&hellip;]","og_url":"https:\/\/www.can-borrell.com\/excursions\/en-bicicleta-hasta-sant-cugat\/","og_site_name":"Restaurant Can Borrell","article_modified_time":"2016-10-07T19:50:08+00:00","twitter_card":"summary_large_image","twitter_misc":{"Est. reading time":"1 minute"},"schema":{"@context":"https:\/\/schema.org","@graph":[{"@type":"WebPage","@id":"https:\/\/www.can-borrell.com\/excursions\/en-bicicleta-hasta-sant-cugat\/","url":"https:\/\/www.can-borrell.com\/excursions\/en-bicicleta-hasta-sant-cugat\/","name":"En bicicleta hasta Sant Cugat - Restaurant Can Borrell","isPartOf":{"@id":"https:\/\/www.can-borrell.com\/#website"},"datePublished":"2016-05-20T13:58:17+00:00","dateModified":"2016-10-07T19:50:08+00:00","breadcrumb":{"@id":"https:\/\/www.can-borrell.com\/excursions\/en-bicicleta-hasta-sant-cugat\/#breadcrumb"},"inLanguage":"es-ES","potentialAction":[{"@type":"ReadAction","target":["https:\/\/www.can-borrell.com\/excursions\/en-bicicleta-hasta-sant-cugat\/"]}]},{"@type":"BreadcrumbList","@id":"https:\/\/www.can-borrell.com\/excursions\/en-bicicleta-hasta-sant-cugat\/#breadcrumb","itemListElement":[{"@type":"ListItem","position":1,"name":"Home","item":"https:\/\/www.can-borrell.com\/"},{"@type":"ListItem","position":2,"name":"En bicicleta hasta Sant Cugat"}]},{"@type":"WebSite","@id":"https:\/\/www.can-borrell.com\/#website","url":"https:\/\/www.can-borrell.com\/","name":"Restaurant Can Borrell","description":"Traditional catalan and mediterranean cuisine","potentialAction":[{"@type":"SearchAction","target":{"@type":"EntryPoint","urlTemplate":"https:\/\/www.can-borrell.com\/?s={search_term_string}"},"query-input":"required name=search_term_string"}],"inLanguage":"es-ES"}]}},"_links":{"self":[{"href":"https:\/\/www.can-borrell.com\/es\/wp-json\/wp\/v2\/pages\/86"}],"collection":[{"href":"https:\/\/www.can-borrell.com\/es\/wp-json\/wp\/v2\/pages"}],"about":[{"href":"https:\/\/www.can-borrell.com\/es\/wp-json\/wp\/v2\/types\/page"}],"author":[{"embeddable":true,"href":"https:\/\/www.can-borrell.com\/es\/wp-json\/wp\/v2\/users\/1"}],"replies":[{"embeddable":true,"href":"https:\/\/www.can-borrell.com\/es\/wp-json\/wp\/v2\/comments?post=86"}],"version-history":[{"count":3,"href":"https:\/\/www.can-borrell.com\/es\/wp-json\/wp\/v2\/pages\/86\/revisions"}],"predecessor-version":[{"id":1121,"href":"https:\/\/www.can-borrell.com\/es\/wp-json\/wp\/v2\/pages\/86\/revisions\/1121"}],"wp:attachment":[{"href":"https:\/\/www.can-borrell.com\/es\/wp-json\/wp\/v2\/media?parent=86"}],"curies":[{"name":"wp","href":"https:\/\/api.w.org\/{rel}","templated":true}]}}