{"id":72,"date":"2016-05-20T13:43:52","date_gmt":"2016-05-20T13:43:52","guid":{"rendered":"http:\/\/www.can-borrell.com\/?page_id=72"},"modified":"2016-10-07T19:48:11","modified_gmt":"2016-10-07T19:48:11","slug":"caminada-fins-el-pi-den-xandri","status":"publish","type":"page","link":"https:\/\/www.can-borrell.com\/es\/caminada-fins-el-pi-den-xandri\/","title":{"rendered":"Caminada hasta el Pi d&#8217;en Xandri"},"content":{"rendered":"<h2 class=\"titol\"><img decoding=\"async\" class=\"txt-foto-isqui alignleft\" title=\"Foto cedida por el Consorci del Parc de Collserola\" src=\"\/wp-content\/uploads\/assets\/f_excursio_4.jpg\" alt=\"\" \/><\/h2>\n<p>El camino que os proponemos va siguiendo la Riera de Sant Medir, va bajando suavemente y va cruzando la Riera unas cuantas veces, a ratos por dentro del bosque, y otros a ras de cultivos.<\/p>\n<p>La estructura que rodea el pino, se remonta al a\u00f1o 1997, cuando el \u00e1rbol sufri\u00f3 una agresi\u00f3n vand\u00e1lica realiz\u00e1ndole cortes en la corteza. La profundidad de \u00e9stos, hizo que las heridas fueran importantes y que hubiera que tomar medidas para salvarlo.<\/p>\n<div id=\"ressenya\" class=\"ta-right\"><b class=\"ressenya-durada\">Duraci\u00f3n:<\/b> 35 minutos (ida)<br \/>\n<b class=\"ressenya-distancia\">Distancia:<\/b> 1,8 Km<br \/>\n<b class=\"ressenya-dificultat\">Dificultad:<\/b> baja. Pista ancha<br \/>\n<a class=\"dins btn btn-success\" href=\"\/view-document\/?doc=google.com\/maps\/d\/embed?mid=1r9ee1eaPo1klNnfykf6gply3ZuA\"> Ver mapa<\/a><\/div>\n","protected":false},"excerpt":{"rendered":"<p>El camino que os proponemos va siguiendo la Riera de Sant Medir, va bajando suavemente y va cruzando la Riera unas cuantas veces, a ratos por dentro del bosque, y otros a ras de cultivos. La estructura que rodea el pino, se remonta al a\u00f1o 1997, cuando el \u00e1rbol sufri\u00f3 una agresi\u00f3n vand\u00e1lica realiz\u00e1ndole cortes [&hellip;]<\/p>\n","protected":false},"author":1,"featured_media":0,"parent":0,"menu_order":0,"comment_status":"closed","ping_status":"closed","template":"page_excursions_template.php","meta":{"footnotes":""},"yoast_head":"<!-- This site is optimized with the Yoast SEO plugin v22.8 - https:\/\/yoast.com\/wordpress\/plugins\/seo\/ -->\n<title>Caminada hasta el Pi d&#039;en Xandri - Restaurant Can Borrell<\/title>\n<meta name=\"robots\" content=\"index, follow, max-snippet:-1, max-image-preview:large, max-video-preview:-1\" \/>\n<link rel=\"canonical\" href=\"https:\/\/www.can-borrell.com\/excursions\/caminada-fins-el-pi-den-xandri\/\" \/>\n<meta property=\"og:locale\" content=\"es_ES\" \/>\n<meta property=\"og:type\" content=\"article\" \/>\n<meta property=\"og:title\" content=\"Caminada hasta el Pi d&#039;en Xandri - Restaurant Can Borrell\" \/>\n<meta property=\"og:description\" content=\"El camino que os proponemos va siguiendo la Riera de Sant Medir, va bajando suavemente y va cruzando la Riera unas cuantas veces, a ratos por dentro del bosque, y otros a ras de cultivos. La estructura que rodea el pino, se remonta al a\u00f1o 1997, cuando el \u00e1rbol sufri\u00f3 una agresi\u00f3n vand\u00e1lica realiz\u00e1ndole cortes [&hellip;]\" \/>\n<meta property=\"og:url\" content=\"https:\/\/www.can-borrell.com\/excursions\/caminada-fins-el-pi-den-xandri\/\" \/>\n<meta property=\"og:site_name\" content=\"Restaurant Can Borrell\" \/>\n<meta property=\"article:modified_time\" content=\"2016-10-07T19:48:11+00:00\" \/>\n<meta name=\"twitter:card\" content=\"summary_large_image\" \/>\n<script type=\"application\/ld+json\" class=\"yoast-schema-graph\">{\"@context\":\"https:\/\/schema.org\",\"@graph\":[{\"@type\":\"WebPage\",\"@id\":\"https:\/\/www.can-borrell.com\/excursions\/caminada-fins-el-pi-den-xandri\/\",\"url\":\"https:\/\/www.can-borrell.com\/excursions\/caminada-fins-el-pi-den-xandri\/\",\"name\":\"Caminada hasta el Pi d'en Xandri - Restaurant Can Borrell\",\"isPartOf\":{\"@id\":\"https:\/\/www.can-borrell.com\/#website\"},\"datePublished\":\"2016-05-20T13:43:52+00:00\",\"dateModified\":\"2016-10-07T19:48:11+00:00\",\"breadcrumb\":{\"@id\":\"https:\/\/www.can-borrell.com\/excursions\/caminada-fins-el-pi-den-xandri\/#breadcrumb\"},\"inLanguage\":\"es-ES\",\"potentialAction\":[{\"@type\":\"ReadAction\",\"target\":[\"https:\/\/www.can-borrell.com\/excursions\/caminada-fins-el-pi-den-xandri\/\"]}]},{\"@type\":\"BreadcrumbList\",\"@id\":\"https:\/\/www.can-borrell.com\/excursions\/caminada-fins-el-pi-den-xandri\/#breadcrumb\",\"itemListElement\":[{\"@type\":\"ListItem\",\"position\":1,\"name\":\"Home\",\"item\":\"https:\/\/www.can-borrell.com\/\"},{\"@type\":\"ListItem\",\"position\":2,\"name\":\"Caminada hasta el Pi d&#8217;en Xandri\"}]},{\"@type\":\"WebSite\",\"@id\":\"https:\/\/www.can-borrell.com\/#website\",\"url\":\"https:\/\/www.can-borrell.com\/\",\"name\":\"Restaurant Can Borrell\",\"description\":\"Traditional catalan and mediterranean cuisine\",\"potentialAction\":[{\"@type\":\"SearchAction\",\"target\":{\"@type\":\"EntryPoint\",\"urlTemplate\":\"https:\/\/www.can-borrell.com\/?s={search_term_string}\"},\"query-input\":\"required name=search_term_string\"}],\"inLanguage\":\"es-ES\"}]}<\/script>\n<!-- \/ Yoast SEO plugin. -->","yoast_head_json":{"title":"Caminada hasta el Pi d'en Xandri - Restaurant Can Borrell","robots":{"index":"index","follow":"follow","max-snippet":"max-snippet:-1","max-image-preview":"max-image-preview:large","max-video-preview":"max-video-preview:-1"},"canonical":"https:\/\/www.can-borrell.com\/excursions\/caminada-fins-el-pi-den-xandri\/","og_locale":"es_ES","og_type":"article","og_title":"Caminada hasta el Pi d'en Xandri - Restaurant Can Borrell","og_description":"El camino que os proponemos va siguiendo la Riera de Sant Medir, va bajando suavemente y va cruzando la Riera unas cuantas veces, a ratos por dentro del bosque, y otros a ras de cultivos. La estructura que rodea el pino, se remonta al a\u00f1o 1997, cuando el \u00e1rbol sufri\u00f3 una agresi\u00f3n vand\u00e1lica realiz\u00e1ndole cortes [&hellip;]","og_url":"https:\/\/www.can-borrell.com\/excursions\/caminada-fins-el-pi-den-xandri\/","og_site_name":"Restaurant Can Borrell","article_modified_time":"2016-10-07T19:48:11+00:00","twitter_card":"summary_large_image","schema":{"@context":"https:\/\/schema.org","@graph":[{"@type":"WebPage","@id":"https:\/\/www.can-borrell.com\/excursions\/caminada-fins-el-pi-den-xandri\/","url":"https:\/\/www.can-borrell.com\/excursions\/caminada-fins-el-pi-den-xandri\/","name":"Caminada hasta el Pi d'en Xandri - Restaurant Can Borrell","isPartOf":{"@id":"https:\/\/www.can-borrell.com\/#website"},"datePublished":"2016-05-20T13:43:52+00:00","dateModified":"2016-10-07T19:48:11+00:00","breadcrumb":{"@id":"https:\/\/www.can-borrell.com\/excursions\/caminada-fins-el-pi-den-xandri\/#breadcrumb"},"inLanguage":"es-ES","potentialAction":[{"@type":"ReadAction","target":["https:\/\/www.can-borrell.com\/excursions\/caminada-fins-el-pi-den-xandri\/"]}]},{"@type":"BreadcrumbList","@id":"https:\/\/www.can-borrell.com\/excursions\/caminada-fins-el-pi-den-xandri\/#breadcrumb","itemListElement":[{"@type":"ListItem","position":1,"name":"Home","item":"https:\/\/www.can-borrell.com\/"},{"@type":"ListItem","position":2,"name":"Caminada hasta el Pi d&#8217;en Xandri"}]},{"@type":"WebSite","@id":"https:\/\/www.can-borrell.com\/#website","url":"https:\/\/www.can-borrell.com\/","name":"Restaurant Can Borrell","description":"Traditional catalan and mediterranean cuisine","potentialAction":[{"@type":"SearchAction","target":{"@type":"EntryPoint","urlTemplate":"https:\/\/www.can-borrell.com\/?s={search_term_string}"},"query-input":"required name=search_term_string"}],"inLanguage":"es-ES"}]}},"_links":{"self":[{"href":"https:\/\/www.can-borrell.com\/es\/wp-json\/wp\/v2\/pages\/72"}],"collection":[{"href":"https:\/\/www.can-borrell.com\/es\/wp-json\/wp\/v2\/pages"}],"about":[{"href":"https:\/\/www.can-borrell.com\/es\/wp-json\/wp\/v2\/types\/page"}],"author":[{"embeddable":true,"href":"https:\/\/www.can-borrell.com\/es\/wp-json\/wp\/v2\/users\/1"}],"replies":[{"embeddable":true,"href":"https:\/\/www.can-borrell.com\/es\/wp-json\/wp\/v2\/comments?post=72"}],"version-history":[{"count":7,"href":"https:\/\/www.can-borrell.com\/es\/wp-json\/wp\/v2\/pages\/72\/revisions"}],"predecessor-version":[{"id":1119,"href":"https:\/\/www.can-borrell.com\/es\/wp-json\/wp\/v2\/pages\/72\/revisions\/1119"}],"wp:attachment":[{"href":"https:\/\/www.can-borrell.com\/es\/wp-json\/wp\/v2\/media?parent=72"}],"curies":[{"name":"wp","href":"https:\/\/api.w.org\/{rel}","templated":true}]}}