{"id":64,"date":"2016-05-20T10:33:09","date_gmt":"2016-05-20T10:33:09","guid":{"rendered":"http:\/\/www.can-borrell.com\/?page_id=64"},"modified":"2016-10-05T21:03:22","modified_gmt":"2016-10-05T21:03:22","slug":"excursiones","status":"publish","type":"page","link":"https:\/\/www.can-borrell.com\/es\/excursiones\/","title":{"rendered":"Sugerencias del chef&#8230;"},"content":{"rendered":"<p class=\"western\" lang=\"ca-ES\">Los entornos pr\u00f3ximos al restaurante tienen una gran variedad de posibilidades para hacer actividades en familia, en pareja, a pie, o en bicicleta. Patrimonio, paisaje, naturaleza, lugares y rincones que os cautivar\u00e1n por su verdor. Visitar algunos de estos lugares y rincones pr\u00f3ximos al restaurante es una buena manera de pasar una jornada completa en plena naturaleza, en medio de parajes forestales, sombr\u00edos y h\u00famedos del Parc de Collserola. Seg\u00fan el tiempo de que dispong\u00e1is y las ganas de andar, escoged la propuesta de que os parezca m\u00e1s interesante y hacedla antes o despu\u00e9s de comer en nuestro restaurante. Todas se inician en Can Borrell a excepci\u00f3n de la visita al Monestir de Sant Cugat, que os recomendamos hacerla por la ma\u00f1ana e ir directamente cuando lleg\u00e1is a Sant Cugat, para despu\u00e9s llegar al mediod\u00eda al restaurante.<\/p>\n<p class=\"western\" lang=\"ca-ES\"><img loading=\"lazy\" decoding=\"async\" class=\"aligncenter\" style=\"line-height: 1.5;\" src=\"http:\/\/www.can-borrell.com\/img\/mapa_excursions.gif\" alt=\"Mapa\" usemap=\"#Map\" width=\"412\" height=\"353\" border=\"0\" \/><\/p>\n<h2><\/h2>\n<h2>Recomendaciones<\/h2>\n<p>En Can Borrell siempre hemos dado mucha importancia al respeto por la naturaleza y el entorno que nos rodea. Conservar para poder disfrutar es un objetivo muy presente. Os damos una serie de consejos a fin de que hag\u00e1is este acercamiento con armon\u00eda y respeto por todo aquello que ten\u00e9is al alcance. Pensad que est\u00e1is en el Parc Natural de Collserola, un espacio natural protegido, del cual tenemos que disfrutar muchos a\u00f1os.<\/p>\n<ul>\n<li>No pas\u00e9is por los campos de cultivo, aunque pueda parecer que no hay nada, pueden estar sembrados.<\/li>\n<li>Evitad hacer griter\u00edo innecesario y respetad la tranquilidad que ofrece el entorno natural.<\/li>\n<li>Si vais en bicicleta ceded el paso a los peatones, no pas\u00e9is cerca, manteneos a una distancia m\u00ednima de un metro y moderad la marcha. El Parc de Collserola tiene una normativa para ir en bicicleta por el parque.<\/li>\n<li>Caminad por los caminos se\u00f1alizados sin adentraros al bosque si no conoc\u00e9is la zona.<\/li>\n<li>No arranqu\u00e9is plantas ni flores, mantened el entorno a fin de que todo el mundo pueda disfrutarlo.<\/li>\n<\/ul>\n<p>Parc de Collserola:<\/p>\n<p style=\"text-align: center;\"><a href=\"http:\/\/www.parccollserola.net\"><img decoding=\"async\" class=\"xximg-center\" src=\"\/wp-content\/uploads\/assets\/collserola.jpg\" \/><\/a><br \/>\n<a href=\"http:\/\/www.parccollserola.net\">www.parccollserola.net<\/a><\/p>\n","protected":false},"excerpt":{"rendered":"<p>Los entornos pr\u00f3ximos al restaurante tienen una gran variedad de posibilidades para hacer actividades en familia, en pareja, a pie, o en bicicleta. Patrimonio, paisaje, naturaleza, lugares y rincones que os cautivar\u00e1n por su verdor. Visitar algunos de estos lugares y rincones pr\u00f3ximos al restaurante es una buena manera de pasar una jornada completa en [&hellip;]<\/p>\n","protected":false},"author":1,"featured_media":0,"parent":0,"menu_order":0,"comment_status":"closed","ping_status":"closed","template":"page_excursions_template.php","meta":{"footnotes":""},"yoast_head":"<!-- This site is optimized with the Yoast SEO plugin v22.8 - https:\/\/yoast.com\/wordpress\/plugins\/seo\/ -->\n<title>Sugerencias del chef... - Restaurant Can Borrell<\/title>\n<meta name=\"robots\" content=\"index, follow, max-snippet:-1, max-image-preview:large, max-video-preview:-1\" \/>\n<link rel=\"canonical\" href=\"https:\/\/www.can-borrell.com\/es\/excursiones\/\" \/>\n<meta property=\"og:locale\" content=\"es_ES\" \/>\n<meta property=\"og:type\" content=\"article\" \/>\n<meta property=\"og:title\" content=\"Sugerencias del chef... - Restaurant Can Borrell\" \/>\n<meta property=\"og:description\" content=\"Los entornos pr\u00f3ximos al restaurante tienen una gran variedad de posibilidades para hacer actividades en familia, en pareja, a pie, o en bicicleta. Patrimonio, paisaje, naturaleza, lugares y rincones que os cautivar\u00e1n por su verdor. Visitar algunos de estos lugares y rincones pr\u00f3ximos al restaurante es una buena manera de pasar una jornada completa en [&hellip;]\" \/>\n<meta property=\"og:url\" content=\"https:\/\/www.can-borrell.com\/es\/excursiones\/\" \/>\n<meta property=\"og:site_name\" content=\"Restaurant Can Borrell\" \/>\n<meta property=\"article:modified_time\" content=\"2016-10-05T21:03:22+00:00\" \/>\n<meta property=\"og:image\" content=\"http:\/\/www.can-borrell.com\/img\/mapa_excursions.gif\" \/>\n<meta name=\"twitter:card\" content=\"summary_large_image\" \/>\n<meta name=\"twitter:label1\" content=\"Est. reading time\" \/>\n\t<meta name=\"twitter:data1\" content=\"2 minutes\" \/>\n<script type=\"application\/ld+json\" class=\"yoast-schema-graph\">{\"@context\":\"https:\/\/schema.org\",\"@graph\":[{\"@type\":\"WebPage\",\"@id\":\"https:\/\/www.can-borrell.com\/es\/excursiones\/\",\"url\":\"https:\/\/www.can-borrell.com\/es\/excursiones\/\",\"name\":\"Sugerencias del chef... - Restaurant Can Borrell\",\"isPartOf\":{\"@id\":\"https:\/\/www.can-borrell.com\/#website\"},\"primaryImageOfPage\":{\"@id\":\"https:\/\/www.can-borrell.com\/es\/excursiones\/#primaryimage\"},\"image\":{\"@id\":\"https:\/\/www.can-borrell.com\/es\/excursiones\/#primaryimage\"},\"thumbnailUrl\":\"http:\/\/www.can-borrell.com\/img\/mapa_excursions.gif\",\"datePublished\":\"2016-05-20T10:33:09+00:00\",\"dateModified\":\"2016-10-05T21:03:22+00:00\",\"breadcrumb\":{\"@id\":\"https:\/\/www.can-borrell.com\/es\/excursiones\/#breadcrumb\"},\"inLanguage\":\"es-ES\",\"potentialAction\":[{\"@type\":\"ReadAction\",\"target\":[\"https:\/\/www.can-borrell.com\/es\/excursiones\/\"]}]},{\"@type\":\"ImageObject\",\"inLanguage\":\"es-ES\",\"@id\":\"https:\/\/www.can-borrell.com\/es\/excursiones\/#primaryimage\",\"url\":\"http:\/\/www.can-borrell.com\/img\/mapa_excursions.gif\",\"contentUrl\":\"http:\/\/www.can-borrell.com\/img\/mapa_excursions.gif\"},{\"@type\":\"BreadcrumbList\",\"@id\":\"https:\/\/www.can-borrell.com\/es\/excursiones\/#breadcrumb\",\"itemListElement\":[{\"@type\":\"ListItem\",\"position\":1,\"name\":\"Home\",\"item\":\"https:\/\/www.can-borrell.com\/\"},{\"@type\":\"ListItem\",\"position\":2,\"name\":\"Sugerencias del chef&#8230;\"}]},{\"@type\":\"WebSite\",\"@id\":\"https:\/\/www.can-borrell.com\/#website\",\"url\":\"https:\/\/www.can-borrell.com\/\",\"name\":\"Restaurant Can Borrell\",\"description\":\"Traditional catalan and mediterranean cuisine\",\"potentialAction\":[{\"@type\":\"SearchAction\",\"target\":{\"@type\":\"EntryPoint\",\"urlTemplate\":\"https:\/\/www.can-borrell.com\/?s={search_term_string}\"},\"query-input\":\"required name=search_term_string\"}],\"inLanguage\":\"es-ES\"}]}<\/script>\n<!-- \/ Yoast SEO plugin. -->","yoast_head_json":{"title":"Sugerencias del chef... - Restaurant Can Borrell","robots":{"index":"index","follow":"follow","max-snippet":"max-snippet:-1","max-image-preview":"max-image-preview:large","max-video-preview":"max-video-preview:-1"},"canonical":"https:\/\/www.can-borrell.com\/es\/excursiones\/","og_locale":"es_ES","og_type":"article","og_title":"Sugerencias del chef... - Restaurant Can Borrell","og_description":"Los entornos pr\u00f3ximos al restaurante tienen una gran variedad de posibilidades para hacer actividades en familia, en pareja, a pie, o en bicicleta. Patrimonio, paisaje, naturaleza, lugares y rincones que os cautivar\u00e1n por su verdor. Visitar algunos de estos lugares y rincones pr\u00f3ximos al restaurante es una buena manera de pasar una jornada completa en [&hellip;]","og_url":"https:\/\/www.can-borrell.com\/es\/excursiones\/","og_site_name":"Restaurant Can Borrell","article_modified_time":"2016-10-05T21:03:22+00:00","og_image":[{"url":"http:\/\/www.can-borrell.com\/img\/mapa_excursions.gif"}],"twitter_card":"summary_large_image","twitter_misc":{"Est. reading time":"2 minutes"},"schema":{"@context":"https:\/\/schema.org","@graph":[{"@type":"WebPage","@id":"https:\/\/www.can-borrell.com\/es\/excursiones\/","url":"https:\/\/www.can-borrell.com\/es\/excursiones\/","name":"Sugerencias del chef... - Restaurant Can Borrell","isPartOf":{"@id":"https:\/\/www.can-borrell.com\/#website"},"primaryImageOfPage":{"@id":"https:\/\/www.can-borrell.com\/es\/excursiones\/#primaryimage"},"image":{"@id":"https:\/\/www.can-borrell.com\/es\/excursiones\/#primaryimage"},"thumbnailUrl":"http:\/\/www.can-borrell.com\/img\/mapa_excursions.gif","datePublished":"2016-05-20T10:33:09+00:00","dateModified":"2016-10-05T21:03:22+00:00","breadcrumb":{"@id":"https:\/\/www.can-borrell.com\/es\/excursiones\/#breadcrumb"},"inLanguage":"es-ES","potentialAction":[{"@type":"ReadAction","target":["https:\/\/www.can-borrell.com\/es\/excursiones\/"]}]},{"@type":"ImageObject","inLanguage":"es-ES","@id":"https:\/\/www.can-borrell.com\/es\/excursiones\/#primaryimage","url":"http:\/\/www.can-borrell.com\/img\/mapa_excursions.gif","contentUrl":"http:\/\/www.can-borrell.com\/img\/mapa_excursions.gif"},{"@type":"BreadcrumbList","@id":"https:\/\/www.can-borrell.com\/es\/excursiones\/#breadcrumb","itemListElement":[{"@type":"ListItem","position":1,"name":"Home","item":"https:\/\/www.can-borrell.com\/"},{"@type":"ListItem","position":2,"name":"Sugerencias del chef&#8230;"}]},{"@type":"WebSite","@id":"https:\/\/www.can-borrell.com\/#website","url":"https:\/\/www.can-borrell.com\/","name":"Restaurant Can Borrell","description":"Traditional catalan and mediterranean cuisine","potentialAction":[{"@type":"SearchAction","target":{"@type":"EntryPoint","urlTemplate":"https:\/\/www.can-borrell.com\/?s={search_term_string}"},"query-input":"required name=search_term_string"}],"inLanguage":"es-ES"}]}},"_links":{"self":[{"href":"https:\/\/www.can-borrell.com\/es\/wp-json\/wp\/v2\/pages\/64"}],"collection":[{"href":"https:\/\/www.can-borrell.com\/es\/wp-json\/wp\/v2\/pages"}],"about":[{"href":"https:\/\/www.can-borrell.com\/es\/wp-json\/wp\/v2\/types\/page"}],"author":[{"embeddable":true,"href":"https:\/\/www.can-borrell.com\/es\/wp-json\/wp\/v2\/users\/1"}],"replies":[{"embeddable":true,"href":"https:\/\/www.can-borrell.com\/es\/wp-json\/wp\/v2\/comments?post=64"}],"version-history":[{"count":6,"href":"https:\/\/www.can-borrell.com\/es\/wp-json\/wp\/v2\/pages\/64\/revisions"}],"predecessor-version":[{"id":1063,"href":"https:\/\/www.can-borrell.com\/es\/wp-json\/wp\/v2\/pages\/64\/revisions\/1063"}],"wp:attachment":[{"href":"https:\/\/www.can-borrell.com\/es\/wp-json\/wp\/v2\/media?parent=64"}],"curies":[{"name":"wp","href":"https:\/\/api.w.org\/{rel}","templated":true}]}}