{"id":62,"date":"2016-05-20T13:31:23","date_gmt":"2016-05-20T13:31:23","guid":{"rendered":"http:\/\/www.can-borrell.com\/?page_id=62"},"modified":"2016-10-07T19:41:17","modified_gmt":"2016-10-07T19:41:17","slug":"paseo-hasta-la-font-de-la-rata","status":"publish","type":"page","link":"https:\/\/www.can-borrell.com\/es\/paseo-hasta-la-font-de-la-rata\/","title":{"rendered":"Paseo hasta la Font de la Rata"},"content":{"rendered":"<p class=\"titol\">Para encontrar el desv\u00edo de la fuente, ten\u00e9is que rehacer el camino ancho que hab\u00e9is hecho en coche para llegar al restaurante. A la altura del desv\u00edo que indica la Torrefera (600 metros desde el restaurante), encontrar\u00e9is en el otro lado del camino un sendero que se adentra en el bosque. Entrad y buscad la fuente.<\/p>\n<div id=\"ressenya\" class=\"ta-right\">\n<b class=\"ressenya-durada\">Duraci\u00f3n:<\/b> 20 minutos (ida)<br \/>\n<b class=\"ressenya-distancia\">Distancia:<\/b> 800 metros<br \/>\n<b class=\"ressenya-dificultat\">Dificultad:<\/b> baja. Pista ancha abierta a la circulaci\u00f3n<br \/>\n<a class=\"dins btn btn-success\" href=\"\/view-document\/?doc=google.com\/maps\/d\/embed?mid=1bC_th5NbXHLinOhoihUejTsTiAo\" > Ver mapa<\/a>\n<\/div>\n","protected":false},"excerpt":{"rendered":"<p>Para encontrar el desv\u00edo de la fuente, ten\u00e9is que rehacer el camino ancho que hab\u00e9is hecho en coche para llegar al restaurante. A la altura del desv\u00edo que indica la Torrefera (600 metros desde el restaurante), encontrar\u00e9is en el otro lado del camino un sendero que se adentra en el bosque. Entrad y buscad la [&hellip;]<\/p>\n","protected":false},"author":1,"featured_media":0,"parent":0,"menu_order":0,"comment_status":"closed","ping_status":"closed","template":"page_excursions_template.php","meta":{"footnotes":""},"yoast_head":"<!-- This site is optimized with the Yoast SEO plugin v22.8 - https:\/\/yoast.com\/wordpress\/plugins\/seo\/ -->\n<title>Paseo hasta la Font de la Rata - Restaurant Can Borrell<\/title>\n<meta name=\"robots\" content=\"index, follow, max-snippet:-1, max-image-preview:large, max-video-preview:-1\" \/>\n<link rel=\"canonical\" href=\"https:\/\/www.can-borrell.com\/excursions\/passejada-fins-a-la-font-de-la-rata\/\" \/>\n<meta property=\"og:locale\" content=\"es_ES\" \/>\n<meta property=\"og:type\" content=\"article\" \/>\n<meta property=\"og:title\" content=\"Paseo hasta la Font de la Rata - Restaurant Can Borrell\" \/>\n<meta property=\"og:description\" content=\"Para encontrar el desv\u00edo de la fuente, ten\u00e9is que rehacer el camino ancho que hab\u00e9is hecho en coche para llegar al restaurante. A la altura del desv\u00edo que indica la Torrefera (600 metros desde el restaurante), encontrar\u00e9is en el otro lado del camino un sendero que se adentra en el bosque. Entrad y buscad la [&hellip;]\" \/>\n<meta property=\"og:url\" content=\"https:\/\/www.can-borrell.com\/excursions\/passejada-fins-a-la-font-de-la-rata\/\" \/>\n<meta property=\"og:site_name\" content=\"Restaurant Can Borrell\" \/>\n<meta property=\"article:modified_time\" content=\"2016-10-07T19:41:17+00:00\" \/>\n<meta name=\"twitter:card\" content=\"summary_large_image\" \/>\n<script type=\"application\/ld+json\" class=\"yoast-schema-graph\">{\"@context\":\"https:\/\/schema.org\",\"@graph\":[{\"@type\":\"WebPage\",\"@id\":\"https:\/\/www.can-borrell.com\/excursions\/passejada-fins-a-la-font-de-la-rata\/\",\"url\":\"https:\/\/www.can-borrell.com\/excursions\/passejada-fins-a-la-font-de-la-rata\/\",\"name\":\"Paseo hasta la Font de la Rata - Restaurant Can Borrell\",\"isPartOf\":{\"@id\":\"https:\/\/www.can-borrell.com\/#website\"},\"datePublished\":\"2016-05-20T13:31:23+00:00\",\"dateModified\":\"2016-10-07T19:41:17+00:00\",\"breadcrumb\":{\"@id\":\"https:\/\/www.can-borrell.com\/excursions\/passejada-fins-a-la-font-de-la-rata\/#breadcrumb\"},\"inLanguage\":\"es-ES\",\"potentialAction\":[{\"@type\":\"ReadAction\",\"target\":[\"https:\/\/www.can-borrell.com\/excursions\/passejada-fins-a-la-font-de-la-rata\/\"]}]},{\"@type\":\"BreadcrumbList\",\"@id\":\"https:\/\/www.can-borrell.com\/excursions\/passejada-fins-a-la-font-de-la-rata\/#breadcrumb\",\"itemListElement\":[{\"@type\":\"ListItem\",\"position\":1,\"name\":\"Home\",\"item\":\"https:\/\/www.can-borrell.com\/\"},{\"@type\":\"ListItem\",\"position\":2,\"name\":\"Paseo hasta la Font de la Rata\"}]},{\"@type\":\"WebSite\",\"@id\":\"https:\/\/www.can-borrell.com\/#website\",\"url\":\"https:\/\/www.can-borrell.com\/\",\"name\":\"Restaurant Can Borrell\",\"description\":\"Traditional catalan and mediterranean cuisine\",\"potentialAction\":[{\"@type\":\"SearchAction\",\"target\":{\"@type\":\"EntryPoint\",\"urlTemplate\":\"https:\/\/www.can-borrell.com\/?s={search_term_string}\"},\"query-input\":\"required name=search_term_string\"}],\"inLanguage\":\"es-ES\"}]}<\/script>\n<!-- \/ Yoast SEO plugin. -->","yoast_head_json":{"title":"Paseo hasta la Font de la Rata - Restaurant Can Borrell","robots":{"index":"index","follow":"follow","max-snippet":"max-snippet:-1","max-image-preview":"max-image-preview:large","max-video-preview":"max-video-preview:-1"},"canonical":"https:\/\/www.can-borrell.com\/excursions\/passejada-fins-a-la-font-de-la-rata\/","og_locale":"es_ES","og_type":"article","og_title":"Paseo hasta la Font de la Rata - Restaurant Can Borrell","og_description":"Para encontrar el desv\u00edo de la fuente, ten\u00e9is que rehacer el camino ancho que hab\u00e9is hecho en coche para llegar al restaurante. A la altura del desv\u00edo que indica la Torrefera (600 metros desde el restaurante), encontrar\u00e9is en el otro lado del camino un sendero que se adentra en el bosque. Entrad y buscad la [&hellip;]","og_url":"https:\/\/www.can-borrell.com\/excursions\/passejada-fins-a-la-font-de-la-rata\/","og_site_name":"Restaurant Can Borrell","article_modified_time":"2016-10-07T19:41:17+00:00","twitter_card":"summary_large_image","schema":{"@context":"https:\/\/schema.org","@graph":[{"@type":"WebPage","@id":"https:\/\/www.can-borrell.com\/excursions\/passejada-fins-a-la-font-de-la-rata\/","url":"https:\/\/www.can-borrell.com\/excursions\/passejada-fins-a-la-font-de-la-rata\/","name":"Paseo hasta la Font de la Rata - Restaurant Can Borrell","isPartOf":{"@id":"https:\/\/www.can-borrell.com\/#website"},"datePublished":"2016-05-20T13:31:23+00:00","dateModified":"2016-10-07T19:41:17+00:00","breadcrumb":{"@id":"https:\/\/www.can-borrell.com\/excursions\/passejada-fins-a-la-font-de-la-rata\/#breadcrumb"},"inLanguage":"es-ES","potentialAction":[{"@type":"ReadAction","target":["https:\/\/www.can-borrell.com\/excursions\/passejada-fins-a-la-font-de-la-rata\/"]}]},{"@type":"BreadcrumbList","@id":"https:\/\/www.can-borrell.com\/excursions\/passejada-fins-a-la-font-de-la-rata\/#breadcrumb","itemListElement":[{"@type":"ListItem","position":1,"name":"Home","item":"https:\/\/www.can-borrell.com\/"},{"@type":"ListItem","position":2,"name":"Paseo hasta la Font de la Rata"}]},{"@type":"WebSite","@id":"https:\/\/www.can-borrell.com\/#website","url":"https:\/\/www.can-borrell.com\/","name":"Restaurant Can Borrell","description":"Traditional catalan and mediterranean cuisine","potentialAction":[{"@type":"SearchAction","target":{"@type":"EntryPoint","urlTemplate":"https:\/\/www.can-borrell.com\/?s={search_term_string}"},"query-input":"required name=search_term_string"}],"inLanguage":"es-ES"}]}},"_links":{"self":[{"href":"https:\/\/www.can-borrell.com\/es\/wp-json\/wp\/v2\/pages\/62"}],"collection":[{"href":"https:\/\/www.can-borrell.com\/es\/wp-json\/wp\/v2\/pages"}],"about":[{"href":"https:\/\/www.can-borrell.com\/es\/wp-json\/wp\/v2\/types\/page"}],"author":[{"embeddable":true,"href":"https:\/\/www.can-borrell.com\/es\/wp-json\/wp\/v2\/users\/1"}],"replies":[{"embeddable":true,"href":"https:\/\/www.can-borrell.com\/es\/wp-json\/wp\/v2\/comments?post=62"}],"version-history":[{"count":5,"href":"https:\/\/www.can-borrell.com\/es\/wp-json\/wp\/v2\/pages\/62\/revisions"}],"predecessor-version":[{"id":1109,"href":"https:\/\/www.can-borrell.com\/es\/wp-json\/wp\/v2\/pages\/62\/revisions\/1109"}],"wp:attachment":[{"href":"https:\/\/www.can-borrell.com\/es\/wp-json\/wp\/v2\/media?parent=62"}],"curies":[{"name":"wp","href":"https:\/\/api.w.org\/{rel}","templated":true}]}}