{"id":53,"date":"2016-05-20T11:36:38","date_gmt":"2016-05-20T11:36:38","guid":{"rendered":"http:\/\/www.can-borrell.com\/?page_id=53"},"modified":"2016-10-07T19:23:21","modified_gmt":"2016-10-07T19:23:21","slug":"paseo-hasta-el-panta-de-can-borrell-3","status":"publish","type":"page","link":"https:\/\/www.can-borrell.com\/es\/paseo-hasta-el-panta-de-can-borrell-3\/","title":{"rendered":"Paseo hasta el Pant\u00e0 de Can Borrell"},"content":{"rendered":"<p class=\"titol\"><img loading=\"lazy\" decoding=\"async\" class=\"txt-foto-isqui alignleft\" title=\"Foto cedida por el Consorci del Parc de Collserola\" src=\"\/wp-content\/uploads\/assets\/f_excursio_2.jpg\" width=\"200\" height=\"185\" \/>En el Parc de Collserola s\u00f3lo hay dos pantanos, el de Vallvidrera, y \u00e9ste de Can Borrell, eso da una idea de la importancia y el desarrollo que adquiri\u00f3 la finca en su momento.<br \/>\nLas dimensiones son considerables y vale la pena acercarse, eso s\u00ed, con cuidado.<\/p>\n<p>Encontrar\u00e9is el camino que os lleva al pantano detr\u00e1s del restaurante, en la parte alta del aparcamiento que da al bosque, sale un camino que sube hacia Sol y Aire. Desde all\u00ed el camino planea hasta encontrar el desv\u00edo del pantano, que est\u00e1 se\u00f1alizado. El camino llega a la cola del pantano, no a la presa.<\/p>\n<div id=\"ressenya\" class=\"ta-right\"><b class=\"ressenya-durada\">Duraci\u00f3n<\/b>: 25 minutos (ida)<br \/>\n<b class=\"ressenya-distancia\">Distancia<\/b>: 1 km<br \/>\n<b class=\"ressenya-dificultat\">Dificultad<\/b>: baja. Pista ancha<br \/>\n<a class=\"dins btn btn-success\" href=\"\/view-document\/?doc=google.com\/maps\/d\/embed?mid=1Wxu0LV6OkAgqcpA8dkvSDyDoYEo\" target=\"_self\">Ver mapa<\/a><\/div>\n","protected":false},"excerpt":{"rendered":"<p>En el Parc de Collserola s\u00f3lo hay dos pantanos, el de Vallvidrera, y \u00e9ste de Can Borrell, eso da una idea de la importancia y el desarrollo que adquiri\u00f3 la finca en su momento. Las dimensiones son considerables y vale la pena acercarse, eso s\u00ed, con cuidado. Encontrar\u00e9is el camino que os lleva al pantano [&hellip;]<\/p>\n","protected":false},"author":1,"featured_media":0,"parent":0,"menu_order":0,"comment_status":"closed","ping_status":"closed","template":"page_excursions_template.php","meta":{"footnotes":""},"yoast_head":"<!-- This site is optimized with the Yoast SEO plugin v22.8 - https:\/\/yoast.com\/wordpress\/plugins\/seo\/ -->\n<title>Paseo hasta el Pant\u00e0 de Can Borrell - Restaurant Can Borrell<\/title>\n<meta name=\"robots\" content=\"index, follow, max-snippet:-1, max-image-preview:large, max-video-preview:-1\" \/>\n<link rel=\"canonical\" href=\"https:\/\/www.can-borrell.com\/excursions\/passeig-fins-al-panta-de-can-borrell\/\" \/>\n<meta property=\"og:locale\" content=\"es_ES\" \/>\n<meta property=\"og:type\" content=\"article\" \/>\n<meta property=\"og:title\" content=\"Paseo hasta el Pant\u00e0 de Can Borrell - Restaurant Can Borrell\" \/>\n<meta property=\"og:description\" content=\"En el Parc de Collserola s\u00f3lo hay dos pantanos, el de Vallvidrera, y \u00e9ste de Can Borrell, eso da una idea de la importancia y el desarrollo que adquiri\u00f3 la finca en su momento. Las dimensiones son considerables y vale la pena acercarse, eso s\u00ed, con cuidado. Encontrar\u00e9is el camino que os lleva al pantano [&hellip;]\" \/>\n<meta property=\"og:url\" content=\"https:\/\/www.can-borrell.com\/excursions\/passeig-fins-al-panta-de-can-borrell\/\" \/>\n<meta property=\"og:site_name\" content=\"Restaurant Can Borrell\" \/>\n<meta property=\"article:modified_time\" content=\"2016-10-07T19:23:21+00:00\" \/>\n<meta name=\"twitter:card\" content=\"summary_large_image\" \/>\n<meta name=\"twitter:label1\" content=\"Est. reading time\" \/>\n\t<meta name=\"twitter:data1\" content=\"1 minute\" \/>\n<script type=\"application\/ld+json\" class=\"yoast-schema-graph\">{\"@context\":\"https:\/\/schema.org\",\"@graph\":[{\"@type\":\"WebPage\",\"@id\":\"https:\/\/www.can-borrell.com\/excursions\/passeig-fins-al-panta-de-can-borrell\/\",\"url\":\"https:\/\/www.can-borrell.com\/excursions\/passeig-fins-al-panta-de-can-borrell\/\",\"name\":\"Paseo hasta el Pant\u00e0 de Can Borrell - Restaurant Can Borrell\",\"isPartOf\":{\"@id\":\"https:\/\/www.can-borrell.com\/#website\"},\"datePublished\":\"2016-05-20T11:36:38+00:00\",\"dateModified\":\"2016-10-07T19:23:21+00:00\",\"breadcrumb\":{\"@id\":\"https:\/\/www.can-borrell.com\/excursions\/passeig-fins-al-panta-de-can-borrell\/#breadcrumb\"},\"inLanguage\":\"es-ES\",\"potentialAction\":[{\"@type\":\"ReadAction\",\"target\":[\"https:\/\/www.can-borrell.com\/excursions\/passeig-fins-al-panta-de-can-borrell\/\"]}]},{\"@type\":\"BreadcrumbList\",\"@id\":\"https:\/\/www.can-borrell.com\/excursions\/passeig-fins-al-panta-de-can-borrell\/#breadcrumb\",\"itemListElement\":[{\"@type\":\"ListItem\",\"position\":1,\"name\":\"Home\",\"item\":\"https:\/\/www.can-borrell.com\/\"},{\"@type\":\"ListItem\",\"position\":2,\"name\":\"Paseo hasta el Pant\u00e0 de Can Borrell\"}]},{\"@type\":\"WebSite\",\"@id\":\"https:\/\/www.can-borrell.com\/#website\",\"url\":\"https:\/\/www.can-borrell.com\/\",\"name\":\"Restaurant Can Borrell\",\"description\":\"Traditional catalan and mediterranean cuisine\",\"potentialAction\":[{\"@type\":\"SearchAction\",\"target\":{\"@type\":\"EntryPoint\",\"urlTemplate\":\"https:\/\/www.can-borrell.com\/?s={search_term_string}\"},\"query-input\":\"required name=search_term_string\"}],\"inLanguage\":\"es-ES\"}]}<\/script>\n<!-- \/ Yoast SEO plugin. -->","yoast_head_json":{"title":"Paseo hasta el Pant\u00e0 de Can Borrell - Restaurant Can Borrell","robots":{"index":"index","follow":"follow","max-snippet":"max-snippet:-1","max-image-preview":"max-image-preview:large","max-video-preview":"max-video-preview:-1"},"canonical":"https:\/\/www.can-borrell.com\/excursions\/passeig-fins-al-panta-de-can-borrell\/","og_locale":"es_ES","og_type":"article","og_title":"Paseo hasta el Pant\u00e0 de Can Borrell - Restaurant Can Borrell","og_description":"En el Parc de Collserola s\u00f3lo hay dos pantanos, el de Vallvidrera, y \u00e9ste de Can Borrell, eso da una idea de la importancia y el desarrollo que adquiri\u00f3 la finca en su momento. Las dimensiones son considerables y vale la pena acercarse, eso s\u00ed, con cuidado. Encontrar\u00e9is el camino que os lleva al pantano [&hellip;]","og_url":"https:\/\/www.can-borrell.com\/excursions\/passeig-fins-al-panta-de-can-borrell\/","og_site_name":"Restaurant Can Borrell","article_modified_time":"2016-10-07T19:23:21+00:00","twitter_card":"summary_large_image","twitter_misc":{"Est. reading time":"1 minute"},"schema":{"@context":"https:\/\/schema.org","@graph":[{"@type":"WebPage","@id":"https:\/\/www.can-borrell.com\/excursions\/passeig-fins-al-panta-de-can-borrell\/","url":"https:\/\/www.can-borrell.com\/excursions\/passeig-fins-al-panta-de-can-borrell\/","name":"Paseo hasta el Pant\u00e0 de Can Borrell - Restaurant Can Borrell","isPartOf":{"@id":"https:\/\/www.can-borrell.com\/#website"},"datePublished":"2016-05-20T11:36:38+00:00","dateModified":"2016-10-07T19:23:21+00:00","breadcrumb":{"@id":"https:\/\/www.can-borrell.com\/excursions\/passeig-fins-al-panta-de-can-borrell\/#breadcrumb"},"inLanguage":"es-ES","potentialAction":[{"@type":"ReadAction","target":["https:\/\/www.can-borrell.com\/excursions\/passeig-fins-al-panta-de-can-borrell\/"]}]},{"@type":"BreadcrumbList","@id":"https:\/\/www.can-borrell.com\/excursions\/passeig-fins-al-panta-de-can-borrell\/#breadcrumb","itemListElement":[{"@type":"ListItem","position":1,"name":"Home","item":"https:\/\/www.can-borrell.com\/"},{"@type":"ListItem","position":2,"name":"Paseo hasta el Pant\u00e0 de Can Borrell"}]},{"@type":"WebSite","@id":"https:\/\/www.can-borrell.com\/#website","url":"https:\/\/www.can-borrell.com\/","name":"Restaurant Can Borrell","description":"Traditional catalan and mediterranean cuisine","potentialAction":[{"@type":"SearchAction","target":{"@type":"EntryPoint","urlTemplate":"https:\/\/www.can-borrell.com\/?s={search_term_string}"},"query-input":"required name=search_term_string"}],"inLanguage":"es-ES"}]}},"_links":{"self":[{"href":"https:\/\/www.can-borrell.com\/es\/wp-json\/wp\/v2\/pages\/53"}],"collection":[{"href":"https:\/\/www.can-borrell.com\/es\/wp-json\/wp\/v2\/pages"}],"about":[{"href":"https:\/\/www.can-borrell.com\/es\/wp-json\/wp\/v2\/types\/page"}],"author":[{"embeddable":true,"href":"https:\/\/www.can-borrell.com\/es\/wp-json\/wp\/v2\/users\/1"}],"replies":[{"embeddable":true,"href":"https:\/\/www.can-borrell.com\/es\/wp-json\/wp\/v2\/comments?post=53"}],"version-history":[{"count":10,"href":"https:\/\/www.can-borrell.com\/es\/wp-json\/wp\/v2\/pages\/53\/revisions"}],"predecessor-version":[{"id":1101,"href":"https:\/\/www.can-borrell.com\/es\/wp-json\/wp\/v2\/pages\/53\/revisions\/1101"}],"wp:attachment":[{"href":"https:\/\/www.can-borrell.com\/es\/wp-json\/wp\/v2\/media?parent=53"}],"curies":[{"name":"wp","href":"https:\/\/api.w.org\/{rel}","templated":true}]}}