{"id":240,"date":"2016-05-20T15:36:33","date_gmt":"2016-05-20T15:36:33","guid":{"rendered":"http:\/\/www.can-borrell.com\/?page_id=240"},"modified":"2026-05-06T10:10:43","modified_gmt":"2026-05-06T10:10:43","slug":"horarios","status":"publish","type":"page","link":"https:\/\/www.can-borrell.com\/es\/horarios\/","title":{"rendered":"Horario general de cocina"},"content":{"rendered":"\n<p><style>hide{display:none}<\/style><\/p>\n\n\n\n<div class=\"alert alert-success\"><\/div>\n\n\n\n<div class=\"panel panel-default\">\n<div class=\"panel-heading\">HORARIO REDUCIDO<\/div>\n<div class=\"panel-body\">\n\n<span class=\"btn  btn-primary\" style=\"TEXT-DECORATION: NONE\">ABRIL<\/span>\n<span class=\"btn  btn-primary\" style=\"TEXT-DECORATION: NONE\">MAYO<\/span>\n<span class=\"btn  btn-primary\" style=\"TEXT-DECORATION: NONE\">JUNIO<\/span>\n<span class=\"btn  btn-primary\" style=\"TEXT-DECORATION: NONE\">JULIO<\/span>\n<span class=\"btn  btn-warning\" style=\"TEXT-DECORATION: NONE\">AGOSTO CERRADO POR VACACIONES<\/span>\n<span class=\"btn  btn-primary\" style=\"TEXT-DECORATION: NONE\">SEPTIEMBRE<\/span>\n<span class=\"btn  btn-primary\" style=\"TEXT-DECORATION: NONE\">OCTUBRE<\/span>\n<span class=\"btn  btn-primary\" style=\"TEXT-DECORATION: NONE\">NOVIEMBRE<\/span>\n<span class=\"btn  btn-primary\" style=\"TEXT-DECORATION: NONE\">DICIEMBRE <\/span>\n<span class=\"btn  btn-primary\" style=\"TEXT-DECORATION: NONE\">ENERO hasta el 15<\/span>\n<!-- span class=\"popo\" style=\"TEXT-DECORATION: NONE\">ABRIL, MAYO, JUNIO, JULIO, SEPTIEMBRE, OCTUBRE, NOVIEMBRE, DICIEMBRE y Hasta 15 de ENERO:  \n<\/span -->\n<hr>\n<div class=\"alert alert-success\">ABIERTO JUEVES, VIERNES, S\u00c1BADO y DOMINGO + Festivos<\/div >\n<div class=\"alert alert-warning\">Cerrado: lunes, martes, mi\u00e9rcoles<\/div >\n<br>\n<hr>\n\n<table class=\"table table-bordered table-striped\">\n<tbody>\n<tr>\n<td>JUEVES<\/td>\n<td>13.00 a 15:30<\/td>\n<\/tr>\n<tr>\n<td>VIERNES<\/td>\n<td>13.00 a 15:30<\/td>\n<\/tr>\n<tr>\n<td>S\u00c1BADO<\/td>\n<td>12.00 a 16:00<\/td>\n<\/tr>\n<tr>\n<td>DOMINGO<\/td>\n<td>12.00 a 16:00<\/td>\n<\/tr>\n<tr>\n<td>FESTIVOS<\/td>\n<td>12.00 a 16:00<\/td>\n<\/tr>\n<\/tbody>\n<\/table>\n<div class=\"panel panel-default hide\">\n\n<\/div>\n<h4 class=\"panel-heading hide\">AGOSTO<\/h4>\n<table class=\"table table-bordered table-striped hide\">\n<tbody>\n<tr>\n<td>&nbsp;<\/td>\n<td>&nbsp;<\/td>\n<td>&nbsp;<\/td>\n<\/tr>\n<tr>\n<td>JUEVES<\/td>\n<td>13.00 a 15.30<\/td>\n<\/tr>\n<tr>\n<td>VIERNES<\/td>\n<td>13.00 a 15.30<\/td>\n<\/tr>\n<tr>\n<td>S\u00c1BADO<\/td>\n<td>10.00 a 16:00<\/td>\n<\/tr>\n<tr>\n<td>DOMINGO<\/td>\n<td>10.00 a 16:00<\/td>\n<\/tr>\n<tr>\n<td>FESTIVOS<\/td>\n<td>10.00 a 16:00<\/td>\n<\/tr>\n<\/tbody>\n<\/table>\n<br>\n<hr>\n<br>\n<span class=\"popo\" style=\"TEXT-DECORATION: NONE\">AGOSTO CERRADO POR VACACIONES<\/span>\n\n<\/div>\n<\/div>\n\n\n\n<div class=\"panel panel-default\">\n<div class=\"panel-heading\">HORARIO DE INVIERNO<\/div>\n<div class=\"panel-body\">\n<span class=\"btn  btn-primary\" style=\"TEXT-DECORATION: NONE\">15 ENERO<\/span>\n<span class=\"btn  btn-primary\" style=\"TEXT-DECORATION: NONE\">FEBRERO<\/span>\n<span class=\"btn  btn-primary\" style=\"TEXT-DECORATION: NONE\">MARZO<\/span>\n<hr>\n<span class=\"popo\" style=\"TEXT-DECORATION: NONE\"><\/span>\n<div class=\"alert alert-success\">ABIERTO MIERCOLES, JUEVES, VIERNES, S\u00c1BADO y DOMINGO + Festivos<\/div >\n<div class=\"alert alert-warning\">Cerrado: lunes, martes, mi\u00e9rcoles <\/div >\n<br>\n<hr>\n\n<table class=\"table table-bordered table-striped\">\n<tbody>\n<tr>\n<td>MI\u00c9RCOLES <\/td>\n<td>13.00 a 15:30\n<\/td><\/tr>\n<tr>\n<td>JUEVES<\/td>\n<td>13.00 a 15:30 <\/td>\n<\/tr><tr>\n<td>VIERNES<\/td>\n<td>13.00 a 15:30<\/td>\n<\/tr>\n<tr>\n<td>S\u00c1BADO<\/td>\n<td>12.00 a 16:00<\/td>\n<\/tr>\n<tr>\n<td>DOMINGO<\/td>\n<td>12.00 a 16:00<\/td>\n<\/tr>\n<tr>\n<td>FESTIVOS<\/td>\n<td>12.00 a 16:00<\/td>\n<\/tr>\n<\/tbody>\n<\/table>\n<div class=\"panel panel-default hide\">\n\n<\/div>\n<h4 class=\"panel-heading hide\">AGOSTO<\/h4>\n<table class=\"table table-bordered table-striped hide\">\n<tbody>\n<tr>\n<td>&nbsp;<\/td>\n<td>&nbsp;<\/td>\n<td>&nbsp;<\/td>\n<\/tr>\n<tr>\n<td>VIERNES<\/td>\n<td>&nbsp;&nbsp;de<\/td>\n<td>13.00 a 15.30<\/td>\n<\/tr>\n<tr>\n<td>S\u00c1BADO<\/td>\n<td>&nbsp;&nbsp;de<\/td>\n<td>10.00 a 16:00<\/td>\n<\/tr>\n<tr>\n<td>DOMINGO<\/td>\n<td>&nbsp;&nbsp;de<\/td>\n<td>10.00 a 16:00<\/td>\n<\/tr>\n<tr>\n<td>FESTIVOS<\/td>\n<td>&nbsp;&nbsp;de<\/td>\n<td>10.00 a 16:00<\/td>\n<\/tr>\n<\/tbody>\n<\/table>\n<\/div>\n<\/div>\n\n\n\n<div>&nbsp;<\/div>\n\n\n\n<div class=\"panel panel-default\">\n<div class=\"panel-heading\">Horario de reservas confirmaci\u00f3n de horarios y cubiertos:<\/div>\n<div class=\"panel-body\">Viernes&nbsp;a partir de las&nbsp;13:00 horas<br>S\u00e1bado y domingos y festivos, a partir de las 10:00 horas (ma\u00f1ana).<\/div>\n<\/div>\n\n\n\n<a class=\"dins btn btn-success\" href=\"\/reservar\">Reserva online<\/a>\n<br><br>\n<div class=\"alert alert-warning\">NO SE ADMITEN RESERVAS POR E-MAIL.<\/div>\n","protected":false},"excerpt":{"rendered":"<p>HORARIO REDUCIDO ABRIL MAYO JUNIO JULIO AGOSTO CERRADO POR VACACIONES SEPTIEMBRE OCTUBRE NOVIEMBRE DICIEMBRE ENERO hasta el 15 ABIERTO JUEVES, VIERNES, S\u00c1BADO y DOMINGO + Festivos Cerrado: lunes, martes, mi\u00e9rcoles JUEVES 13.00 a 15:30 VIERNES 13.00 a 15:30 S\u00c1BADO 12.00 a 16:00 DOMINGO 12.00 a 16:00 FESTIVOS 12.00 a 16:00 AGOSTO &nbsp; &nbsp; &nbsp; JUEVES [&hellip;]<\/p>\n","protected":false},"author":1,"featured_media":0,"parent":0,"menu_order":0,"comment_status":"closed","ping_status":"closed","template":"","meta":{"footnotes":""},"yoast_head":"<!-- This site is optimized with the Yoast SEO plugin v22.8 - https:\/\/yoast.com\/wordpress\/plugins\/seo\/ -->\n<title>Horario general de cocina - Restaurant Can Borrell<\/title>\n<meta name=\"robots\" content=\"index, follow, max-snippet:-1, max-image-preview:large, max-video-preview:-1\" \/>\n<link rel=\"canonical\" href=\"https:\/\/www.can-borrell.com\/es\/horarios\/\" \/>\n<meta property=\"og:locale\" content=\"es_ES\" \/>\n<meta property=\"og:type\" content=\"article\" \/>\n<meta property=\"og:title\" content=\"Horario general de cocina - Restaurant Can Borrell\" \/>\n<meta property=\"og:description\" content=\"HORARIO REDUCIDO ABRIL MAYO JUNIO JULIO AGOSTO CERRADO POR VACACIONES SEPTIEMBRE OCTUBRE NOVIEMBRE DICIEMBRE ENERO hasta el 15 ABIERTO JUEVES, VIERNES, S\u00c1BADO y DOMINGO + Festivos Cerrado: lunes, martes, mi\u00e9rcoles JUEVES 13.00 a 15:30 VIERNES 13.00 a 15:30 S\u00c1BADO 12.00 a 16:00 DOMINGO 12.00 a 16:00 FESTIVOS 12.00 a 16:00 AGOSTO &nbsp; &nbsp; &nbsp; JUEVES [&hellip;]\" \/>\n<meta property=\"og:url\" content=\"https:\/\/www.can-borrell.com\/es\/horarios\/\" \/>\n<meta property=\"og:site_name\" content=\"Restaurant Can Borrell\" \/>\n<meta property=\"article:modified_time\" content=\"2026-05-06T10:10:43+00:00\" \/>\n<meta name=\"twitter:card\" content=\"summary_large_image\" \/>\n<meta name=\"twitter:label1\" content=\"Est. reading time\" \/>\n\t<meta name=\"twitter:data1\" content=\"1 minute\" \/>\n<script type=\"application\/ld+json\" class=\"yoast-schema-graph\">{\"@context\":\"https:\/\/schema.org\",\"@graph\":[{\"@type\":\"WebPage\",\"@id\":\"https:\/\/www.can-borrell.com\/es\/horarios\/\",\"url\":\"https:\/\/www.can-borrell.com\/es\/horarios\/\",\"name\":\"Horario general de cocina - Restaurant Can Borrell\",\"isPartOf\":{\"@id\":\"https:\/\/www.can-borrell.com\/#website\"},\"datePublished\":\"2016-05-20T15:36:33+00:00\",\"dateModified\":\"2026-05-06T10:10:43+00:00\",\"breadcrumb\":{\"@id\":\"https:\/\/www.can-borrell.com\/es\/horarios\/#breadcrumb\"},\"inLanguage\":\"es-ES\",\"potentialAction\":[{\"@type\":\"ReadAction\",\"target\":[\"https:\/\/www.can-borrell.com\/es\/horarios\/\"]}]},{\"@type\":\"BreadcrumbList\",\"@id\":\"https:\/\/www.can-borrell.com\/es\/horarios\/#breadcrumb\",\"itemListElement\":[{\"@type\":\"ListItem\",\"position\":1,\"name\":\"Home\",\"item\":\"https:\/\/www.can-borrell.com\/\"},{\"@type\":\"ListItem\",\"position\":2,\"name\":\"Horario general de cocina\"}]},{\"@type\":\"WebSite\",\"@id\":\"https:\/\/www.can-borrell.com\/#website\",\"url\":\"https:\/\/www.can-borrell.com\/\",\"name\":\"Restaurant Can Borrell\",\"description\":\"Traditional catalan and mediterranean cuisine\",\"potentialAction\":[{\"@type\":\"SearchAction\",\"target\":{\"@type\":\"EntryPoint\",\"urlTemplate\":\"https:\/\/www.can-borrell.com\/?s={search_term_string}\"},\"query-input\":\"required name=search_term_string\"}],\"inLanguage\":\"es-ES\"}]}<\/script>\n<!-- \/ Yoast SEO plugin. -->","yoast_head_json":{"title":"Horario general de cocina - Restaurant Can Borrell","robots":{"index":"index","follow":"follow","max-snippet":"max-snippet:-1","max-image-preview":"max-image-preview:large","max-video-preview":"max-video-preview:-1"},"canonical":"https:\/\/www.can-borrell.com\/es\/horarios\/","og_locale":"es_ES","og_type":"article","og_title":"Horario general de cocina - Restaurant Can Borrell","og_description":"HORARIO REDUCIDO ABRIL MAYO JUNIO JULIO AGOSTO CERRADO POR VACACIONES SEPTIEMBRE OCTUBRE NOVIEMBRE DICIEMBRE ENERO hasta el 15 ABIERTO JUEVES, VIERNES, S\u00c1BADO y DOMINGO + Festivos Cerrado: lunes, martes, mi\u00e9rcoles JUEVES 13.00 a 15:30 VIERNES 13.00 a 15:30 S\u00c1BADO 12.00 a 16:00 DOMINGO 12.00 a 16:00 FESTIVOS 12.00 a 16:00 AGOSTO &nbsp; &nbsp; &nbsp; JUEVES [&hellip;]","og_url":"https:\/\/www.can-borrell.com\/es\/horarios\/","og_site_name":"Restaurant Can Borrell","article_modified_time":"2026-05-06T10:10:43+00:00","twitter_card":"summary_large_image","twitter_misc":{"Est. reading time":"1 minute"},"schema":{"@context":"https:\/\/schema.org","@graph":[{"@type":"WebPage","@id":"https:\/\/www.can-borrell.com\/es\/horarios\/","url":"https:\/\/www.can-borrell.com\/es\/horarios\/","name":"Horario general de cocina - Restaurant Can Borrell","isPartOf":{"@id":"https:\/\/www.can-borrell.com\/#website"},"datePublished":"2016-05-20T15:36:33+00:00","dateModified":"2026-05-06T10:10:43+00:00","breadcrumb":{"@id":"https:\/\/www.can-borrell.com\/es\/horarios\/#breadcrumb"},"inLanguage":"es-ES","potentialAction":[{"@type":"ReadAction","target":["https:\/\/www.can-borrell.com\/es\/horarios\/"]}]},{"@type":"BreadcrumbList","@id":"https:\/\/www.can-borrell.com\/es\/horarios\/#breadcrumb","itemListElement":[{"@type":"ListItem","position":1,"name":"Home","item":"https:\/\/www.can-borrell.com\/"},{"@type":"ListItem","position":2,"name":"Horario general de cocina"}]},{"@type":"WebSite","@id":"https:\/\/www.can-borrell.com\/#website","url":"https:\/\/www.can-borrell.com\/","name":"Restaurant Can Borrell","description":"Traditional catalan and mediterranean cuisine","potentialAction":[{"@type":"SearchAction","target":{"@type":"EntryPoint","urlTemplate":"https:\/\/www.can-borrell.com\/?s={search_term_string}"},"query-input":"required name=search_term_string"}],"inLanguage":"es-ES"}]}},"_links":{"self":[{"href":"https:\/\/www.can-borrell.com\/es\/wp-json\/wp\/v2\/pages\/240"}],"collection":[{"href":"https:\/\/www.can-borrell.com\/es\/wp-json\/wp\/v2\/pages"}],"about":[{"href":"https:\/\/www.can-borrell.com\/es\/wp-json\/wp\/v2\/types\/page"}],"author":[{"embeddable":true,"href":"https:\/\/www.can-borrell.com\/es\/wp-json\/wp\/v2\/users\/1"}],"replies":[{"embeddable":true,"href":"https:\/\/www.can-borrell.com\/es\/wp-json\/wp\/v2\/comments?post=240"}],"version-history":[{"count":85,"href":"https:\/\/www.can-borrell.com\/es\/wp-json\/wp\/v2\/pages\/240\/revisions"}],"predecessor-version":[{"id":1932,"href":"https:\/\/www.can-borrell.com\/es\/wp-json\/wp\/v2\/pages\/240\/revisions\/1932"}],"wp:attachment":[{"href":"https:\/\/www.can-borrell.com\/es\/wp-json\/wp\/v2\/media?parent=240"}],"curies":[{"name":"wp","href":"https:\/\/api.w.org\/{rel}","templated":true}]}}