{"id":138,"date":"2016-05-20T14:40:38","date_gmt":"2016-05-20T14:40:38","guid":{"rendered":"http:\/\/www.can-borrell.com\/?page_id=138"},"modified":"2016-10-03T18:07:49","modified_gmt":"2016-10-03T18:07:49","slug":"fonts","status":"publish","type":"page","link":"https:\/\/www.can-borrell.com\/es\/historia\/fonts\/","title":{"rendered":"Fuentes"},"content":{"rendered":"<h4 class=\"titol\">La informaci\u00f3n se ha extra\u00eddo de:<\/h4>\n<ul>\n<li>las revistas Gausac,<br \/>\n<span class=\"llista\">editadas por el Grup d&#8217;Estudis Locals de Sant Cugat del Vall\u00e8s<\/span><\/li>\n<li>el cat\u00e1logo de Patrimoni de la Diputaci\u00f3 de Barcelona<\/li>\n<li>el libro La Masia a Sant Cugat (Vall\u00e8s Occidental) de J. Sala, C. Soler,<br \/>\n<span class=\"llista\">editado por Edicions Independents del Vall\u00e8s Occidental, abril 1988<\/span><\/li>\n<li>el libro Sant Cugat del Vall\u00e8s de J. Llop i Ll. Ribas,<br \/>\n<span class=\"llista\"> editado por GAL ART l&#8217;any 1999<\/span><\/li>\n<\/ul>\n","protected":false},"excerpt":{"rendered":"<p>La informaci\u00f3n se ha extra\u00eddo de: las revistas Gausac, editadas por el Grup d&#8217;Estudis Locals de Sant Cugat del Vall\u00e8s el cat\u00e1logo de Patrimoni de la Diputaci\u00f3 de Barcelona el libro La Masia a Sant Cugat (Vall\u00e8s Occidental) de J. Sala, C. Soler, editado por Edicions Independents del Vall\u00e8s Occidental, abril 1988 el libro Sant [&hellip;]<\/p>\n","protected":false},"author":1,"featured_media":0,"parent":126,"menu_order":0,"comment_status":"closed","ping_status":"closed","template":"page_historia_template.php","meta":{"footnotes":""},"yoast_head":"<!-- This site is optimized with the Yoast SEO plugin v22.8 - https:\/\/yoast.com\/wordpress\/plugins\/seo\/ -->\n<title>Fuentes - Restaurant Can Borrell<\/title>\n<meta name=\"robots\" content=\"index, follow, max-snippet:-1, max-image-preview:large, max-video-preview:-1\" \/>\n<link rel=\"canonical\" href=\"https:\/\/www.can-borrell.com\/historia-3\/fonts\/\" \/>\n<meta property=\"og:locale\" content=\"es_ES\" \/>\n<meta property=\"og:type\" content=\"article\" \/>\n<meta property=\"og:title\" content=\"Fuentes - Restaurant Can Borrell\" \/>\n<meta property=\"og:description\" content=\"La informaci\u00f3n se ha extra\u00eddo de: las revistas Gausac, editadas por el Grup d&#8217;Estudis Locals de Sant Cugat del Vall\u00e8s el cat\u00e1logo de Patrimoni de la Diputaci\u00f3 de Barcelona el libro La Masia a Sant Cugat (Vall\u00e8s Occidental) de J. Sala, C. Soler, editado por Edicions Independents del Vall\u00e8s Occidental, abril 1988 el libro Sant [&hellip;]\" \/>\n<meta property=\"og:url\" content=\"https:\/\/www.can-borrell.com\/historia-3\/fonts\/\" \/>\n<meta property=\"og:site_name\" content=\"Restaurant Can Borrell\" \/>\n<meta property=\"article:modified_time\" content=\"2016-10-03T18:07:49+00:00\" \/>\n<meta name=\"twitter:card\" content=\"summary_large_image\" \/>\n<script type=\"application\/ld+json\" class=\"yoast-schema-graph\">{\"@context\":\"https:\/\/schema.org\",\"@graph\":[{\"@type\":\"WebPage\",\"@id\":\"https:\/\/www.can-borrell.com\/historia-3\/fonts\/\",\"url\":\"https:\/\/www.can-borrell.com\/historia-3\/fonts\/\",\"name\":\"Fuentes - Restaurant Can Borrell\",\"isPartOf\":{\"@id\":\"https:\/\/www.can-borrell.com\/#website\"},\"datePublished\":\"2016-05-20T14:40:38+00:00\",\"dateModified\":\"2016-10-03T18:07:49+00:00\",\"breadcrumb\":{\"@id\":\"https:\/\/www.can-borrell.com\/historia-3\/fonts\/#breadcrumb\"},\"inLanguage\":\"es-ES\",\"potentialAction\":[{\"@type\":\"ReadAction\",\"target\":[\"https:\/\/www.can-borrell.com\/historia-3\/fonts\/\"]}]},{\"@type\":\"BreadcrumbList\",\"@id\":\"https:\/\/www.can-borrell.com\/historia-3\/fonts\/#breadcrumb\",\"itemListElement\":[{\"@type\":\"ListItem\",\"position\":1,\"name\":\"Home\",\"item\":\"https:\/\/www.can-borrell.com\/\"},{\"@type\":\"ListItem\",\"position\":2,\"name\":\"La Mas\u00eda\",\"item\":\"https:\/\/www.can-borrell.com\/historia-3\/\"},{\"@type\":\"ListItem\",\"position\":3,\"name\":\"Fuentes\"}]},{\"@type\":\"WebSite\",\"@id\":\"https:\/\/www.can-borrell.com\/#website\",\"url\":\"https:\/\/www.can-borrell.com\/\",\"name\":\"Restaurant Can Borrell\",\"description\":\"Traditional catalan and mediterranean cuisine\",\"potentialAction\":[{\"@type\":\"SearchAction\",\"target\":{\"@type\":\"EntryPoint\",\"urlTemplate\":\"https:\/\/www.can-borrell.com\/?s={search_term_string}\"},\"query-input\":\"required name=search_term_string\"}],\"inLanguage\":\"es-ES\"}]}<\/script>\n<!-- \/ Yoast SEO plugin. -->","yoast_head_json":{"title":"Fuentes - Restaurant Can Borrell","robots":{"index":"index","follow":"follow","max-snippet":"max-snippet:-1","max-image-preview":"max-image-preview:large","max-video-preview":"max-video-preview:-1"},"canonical":"https:\/\/www.can-borrell.com\/historia-3\/fonts\/","og_locale":"es_ES","og_type":"article","og_title":"Fuentes - Restaurant Can Borrell","og_description":"La informaci\u00f3n se ha extra\u00eddo de: las revistas Gausac, editadas por el Grup d&#8217;Estudis Locals de Sant Cugat del Vall\u00e8s el cat\u00e1logo de Patrimoni de la Diputaci\u00f3 de Barcelona el libro La Masia a Sant Cugat (Vall\u00e8s Occidental) de J. Sala, C. Soler, editado por Edicions Independents del Vall\u00e8s Occidental, abril 1988 el libro Sant [&hellip;]","og_url":"https:\/\/www.can-borrell.com\/historia-3\/fonts\/","og_site_name":"Restaurant Can Borrell","article_modified_time":"2016-10-03T18:07:49+00:00","twitter_card":"summary_large_image","schema":{"@context":"https:\/\/schema.org","@graph":[{"@type":"WebPage","@id":"https:\/\/www.can-borrell.com\/historia-3\/fonts\/","url":"https:\/\/www.can-borrell.com\/historia-3\/fonts\/","name":"Fuentes - Restaurant Can Borrell","isPartOf":{"@id":"https:\/\/www.can-borrell.com\/#website"},"datePublished":"2016-05-20T14:40:38+00:00","dateModified":"2016-10-03T18:07:49+00:00","breadcrumb":{"@id":"https:\/\/www.can-borrell.com\/historia-3\/fonts\/#breadcrumb"},"inLanguage":"es-ES","potentialAction":[{"@type":"ReadAction","target":["https:\/\/www.can-borrell.com\/historia-3\/fonts\/"]}]},{"@type":"BreadcrumbList","@id":"https:\/\/www.can-borrell.com\/historia-3\/fonts\/#breadcrumb","itemListElement":[{"@type":"ListItem","position":1,"name":"Home","item":"https:\/\/www.can-borrell.com\/"},{"@type":"ListItem","position":2,"name":"La Mas\u00eda","item":"https:\/\/www.can-borrell.com\/historia-3\/"},{"@type":"ListItem","position":3,"name":"Fuentes"}]},{"@type":"WebSite","@id":"https:\/\/www.can-borrell.com\/#website","url":"https:\/\/www.can-borrell.com\/","name":"Restaurant Can Borrell","description":"Traditional catalan and mediterranean cuisine","potentialAction":[{"@type":"SearchAction","target":{"@type":"EntryPoint","urlTemplate":"https:\/\/www.can-borrell.com\/?s={search_term_string}"},"query-input":"required name=search_term_string"}],"inLanguage":"es-ES"}]}},"_links":{"self":[{"href":"https:\/\/www.can-borrell.com\/es\/wp-json\/wp\/v2\/pages\/138"}],"collection":[{"href":"https:\/\/www.can-borrell.com\/es\/wp-json\/wp\/v2\/pages"}],"about":[{"href":"https:\/\/www.can-borrell.com\/es\/wp-json\/wp\/v2\/types\/page"}],"author":[{"embeddable":true,"href":"https:\/\/www.can-borrell.com\/es\/wp-json\/wp\/v2\/users\/1"}],"replies":[{"embeddable":true,"href":"https:\/\/www.can-borrell.com\/es\/wp-json\/wp\/v2\/comments?post=138"}],"version-history":[{"count":3,"href":"https:\/\/www.can-borrell.com\/es\/wp-json\/wp\/v2\/pages\/138\/revisions"}],"predecessor-version":[{"id":929,"href":"https:\/\/www.can-borrell.com\/es\/wp-json\/wp\/v2\/pages\/138\/revisions\/929"}],"up":[{"embeddable":true,"href":"https:\/\/www.can-borrell.com\/es\/wp-json\/wp\/v2\/pages\/126"}],"wp:attachment":[{"href":"https:\/\/www.can-borrell.com\/es\/wp-json\/wp\/v2\/media?parent=138"}],"curies":[{"name":"wp","href":"https:\/\/api.w.org\/{rel}","templated":true}]}}