{"id":137,"date":"2016-05-20T14:39:27","date_gmt":"2016-05-20T14:39:27","guid":{"rendered":"http:\/\/www.can-borrell.com\/?page_id=137"},"modified":"2016-10-03T17:48:39","modified_gmt":"2016-10-03T17:48:39","slug":"la-masia-de-can-borrell","status":"publish","type":"page","link":"https:\/\/www.can-borrell.com\/es\/historia\/la-masia-de-can-borrell\/","title":{"rendered":"La Masia de Can Borrell"},"content":{"rendered":"<div class=\"c-b\"><\/div>\n<div class=\"c-b\"><\/div>\n<p><img loading=\"lazy\" decoding=\"async\" class=\"txt-foto-dere alignleft\" title=\"Foto cedida por el Consorci del Parc de Collserola\" src=\"http:\/\/www.can-borrell.com\/img\/f_historia_4.jpg\" width=\"160\" height=\"226\" \/>Los primeros referentes hist\u00f3ricos de asentamientos humanos en el lugar donde hoy en d\u00eda se sit\u00faa Can Borrell, llevan a retroceder muchos siglos atr\u00e1s. Hau citas que hablan de hallazgos de fragmentos de cer\u00e1mica \u00edbera y romana por los alrededores.<\/p>\n<p lang=\"ca-ES\">Por su situaci\u00f3n al antiguo camino de Sant Cugat a Barcelona y lugar de paso hacia Sant Medir, la mas\u00eda se convirti\u00f3 en lugar obligado de parada, primero por los campesinos de la comarca que tra\u00edan sus productos a la capital, y m\u00e1s tarde por los excursionistas y romeros de Sant Medir. El dia de esta celebracion la casa abr\u00eda las puertas de delante y atr\u00e1s y se convert\u00eda en una parte m\u00e1s del camino. De retorno, se hac\u00eda baile y se danzaba la \u00faltima sardana del Aplec. Hasta hace poco todav\u00eda se celebraba aqu\u00ed el \u00faltimo baile de la fiesta.<\/p>\n<div class=\"c-b\"><\/div>\n<p><img loading=\"lazy\" decoding=\"async\" class=\"txt-foto-isqui alignnone\" title=\"Foto cedida por el Consorci del Parc de Collserola\" src=\"http:\/\/www.can-borrell.com\/img\/f_historia_4b.jpg\" width=\"200\" height=\"130\" \/>\u00a0 \u00a0\u00a0<img loading=\"lazy\" decoding=\"async\" class=\"txt-foto-isqui alignnone\" title=\"Foto cedida por el Consorci del Parc de Collserola\" src=\"http:\/\/www.can-borrell.com\/img\/f_historia_4c.jpg\" width=\"129\" height=\"130\" \/><\/p>\n<div class=\"c-b\"><\/div>\n<p lang=\"ca-ES\">El paso de excursionistas y dem\u00e1s gente hizo que se empezaran a servir almuerzos y bebidas y, en vistas del \u00e9xito se convirti\u00f3 en la casa restaurante que es hoy.<\/p>\n","protected":false},"excerpt":{"rendered":"<p>Los primeros referentes hist\u00f3ricos de asentamientos humanos en el lugar donde hoy en d\u00eda se sit\u00faa Can Borrell, llevan a retroceder muchos siglos atr\u00e1s. Hau citas que hablan de hallazgos de fragmentos de cer\u00e1mica \u00edbera y romana por los alrededores. Por su situaci\u00f3n al antiguo camino de Sant Cugat a Barcelona y lugar de paso [&hellip;]<\/p>\n","protected":false},"author":1,"featured_media":0,"parent":126,"menu_order":0,"comment_status":"closed","ping_status":"closed","template":"page_historia_template.php","meta":{"footnotes":""},"yoast_head":"<!-- This site is optimized with the Yoast SEO plugin v22.8 - https:\/\/yoast.com\/wordpress\/plugins\/seo\/ -->\n<title>La Masia de Can Borrell - Restaurant Can Borrell<\/title>\n<meta name=\"robots\" content=\"index, follow, max-snippet:-1, max-image-preview:large, max-video-preview:-1\" \/>\n<link rel=\"canonical\" href=\"https:\/\/www.can-borrell.com\/historia-3\/la-masia-de-can-borrell\/\" \/>\n<meta property=\"og:locale\" content=\"es_ES\" \/>\n<meta property=\"og:type\" content=\"article\" \/>\n<meta property=\"og:title\" content=\"La Masia de Can Borrell - Restaurant Can Borrell\" \/>\n<meta property=\"og:description\" content=\"Los primeros referentes hist\u00f3ricos de asentamientos humanos en el lugar donde hoy en d\u00eda se sit\u00faa Can Borrell, llevan a retroceder muchos siglos atr\u00e1s. Hau citas que hablan de hallazgos de fragmentos de cer\u00e1mica \u00edbera y romana por los alrededores. Por su situaci\u00f3n al antiguo camino de Sant Cugat a Barcelona y lugar de paso [&hellip;]\" \/>\n<meta property=\"og:url\" content=\"https:\/\/www.can-borrell.com\/historia-3\/la-masia-de-can-borrell\/\" \/>\n<meta property=\"og:site_name\" content=\"Restaurant Can Borrell\" \/>\n<meta property=\"article:modified_time\" content=\"2016-10-03T17:48:39+00:00\" \/>\n<meta property=\"og:image\" content=\"http:\/\/www.can-borrell.com\/img\/f_historia_4.jpg\" \/>\n<meta name=\"twitter:card\" content=\"summary_large_image\" \/>\n<meta name=\"twitter:label1\" content=\"Est. reading time\" \/>\n\t<meta name=\"twitter:data1\" content=\"1 minute\" \/>\n<script type=\"application\/ld+json\" class=\"yoast-schema-graph\">{\"@context\":\"https:\/\/schema.org\",\"@graph\":[{\"@type\":\"WebPage\",\"@id\":\"https:\/\/www.can-borrell.com\/historia-3\/la-masia-de-can-borrell\/\",\"url\":\"https:\/\/www.can-borrell.com\/historia-3\/la-masia-de-can-borrell\/\",\"name\":\"La Masia de Can Borrell - Restaurant Can Borrell\",\"isPartOf\":{\"@id\":\"https:\/\/www.can-borrell.com\/#website\"},\"primaryImageOfPage\":{\"@id\":\"https:\/\/www.can-borrell.com\/historia-3\/la-masia-de-can-borrell\/#primaryimage\"},\"image\":{\"@id\":\"https:\/\/www.can-borrell.com\/historia-3\/la-masia-de-can-borrell\/#primaryimage\"},\"thumbnailUrl\":\"http:\/\/www.can-borrell.com\/img\/f_historia_4.jpg\",\"datePublished\":\"2016-05-20T14:39:27+00:00\",\"dateModified\":\"2016-10-03T17:48:39+00:00\",\"breadcrumb\":{\"@id\":\"https:\/\/www.can-borrell.com\/historia-3\/la-masia-de-can-borrell\/#breadcrumb\"},\"inLanguage\":\"es-ES\",\"potentialAction\":[{\"@type\":\"ReadAction\",\"target\":[\"https:\/\/www.can-borrell.com\/historia-3\/la-masia-de-can-borrell\/\"]}]},{\"@type\":\"ImageObject\",\"inLanguage\":\"es-ES\",\"@id\":\"https:\/\/www.can-borrell.com\/historia-3\/la-masia-de-can-borrell\/#primaryimage\",\"url\":\"http:\/\/www.can-borrell.com\/img\/f_historia_4.jpg\",\"contentUrl\":\"http:\/\/www.can-borrell.com\/img\/f_historia_4.jpg\"},{\"@type\":\"BreadcrumbList\",\"@id\":\"https:\/\/www.can-borrell.com\/historia-3\/la-masia-de-can-borrell\/#breadcrumb\",\"itemListElement\":[{\"@type\":\"ListItem\",\"position\":1,\"name\":\"Home\",\"item\":\"https:\/\/www.can-borrell.com\/\"},{\"@type\":\"ListItem\",\"position\":2,\"name\":\"La Mas\u00eda\",\"item\":\"https:\/\/www.can-borrell.com\/historia-3\/\"},{\"@type\":\"ListItem\",\"position\":3,\"name\":\"La Masia de Can Borrell\"}]},{\"@type\":\"WebSite\",\"@id\":\"https:\/\/www.can-borrell.com\/#website\",\"url\":\"https:\/\/www.can-borrell.com\/\",\"name\":\"Restaurant Can Borrell\",\"description\":\"Traditional catalan and mediterranean cuisine\",\"potentialAction\":[{\"@type\":\"SearchAction\",\"target\":{\"@type\":\"EntryPoint\",\"urlTemplate\":\"https:\/\/www.can-borrell.com\/?s={search_term_string}\"},\"query-input\":\"required name=search_term_string\"}],\"inLanguage\":\"es-ES\"}]}<\/script>\n<!-- \/ Yoast SEO plugin. -->","yoast_head_json":{"title":"La Masia de Can Borrell - Restaurant Can Borrell","robots":{"index":"index","follow":"follow","max-snippet":"max-snippet:-1","max-image-preview":"max-image-preview:large","max-video-preview":"max-video-preview:-1"},"canonical":"https:\/\/www.can-borrell.com\/historia-3\/la-masia-de-can-borrell\/","og_locale":"es_ES","og_type":"article","og_title":"La Masia de Can Borrell - Restaurant Can Borrell","og_description":"Los primeros referentes hist\u00f3ricos de asentamientos humanos en el lugar donde hoy en d\u00eda se sit\u00faa Can Borrell, llevan a retroceder muchos siglos atr\u00e1s. Hau citas que hablan de hallazgos de fragmentos de cer\u00e1mica \u00edbera y romana por los alrededores. Por su situaci\u00f3n al antiguo camino de Sant Cugat a Barcelona y lugar de paso [&hellip;]","og_url":"https:\/\/www.can-borrell.com\/historia-3\/la-masia-de-can-borrell\/","og_site_name":"Restaurant Can Borrell","article_modified_time":"2016-10-03T17:48:39+00:00","og_image":[{"url":"http:\/\/www.can-borrell.com\/img\/f_historia_4.jpg"}],"twitter_card":"summary_large_image","twitter_misc":{"Est. reading time":"1 minute"},"schema":{"@context":"https:\/\/schema.org","@graph":[{"@type":"WebPage","@id":"https:\/\/www.can-borrell.com\/historia-3\/la-masia-de-can-borrell\/","url":"https:\/\/www.can-borrell.com\/historia-3\/la-masia-de-can-borrell\/","name":"La Masia de Can Borrell - Restaurant Can Borrell","isPartOf":{"@id":"https:\/\/www.can-borrell.com\/#website"},"primaryImageOfPage":{"@id":"https:\/\/www.can-borrell.com\/historia-3\/la-masia-de-can-borrell\/#primaryimage"},"image":{"@id":"https:\/\/www.can-borrell.com\/historia-3\/la-masia-de-can-borrell\/#primaryimage"},"thumbnailUrl":"http:\/\/www.can-borrell.com\/img\/f_historia_4.jpg","datePublished":"2016-05-20T14:39:27+00:00","dateModified":"2016-10-03T17:48:39+00:00","breadcrumb":{"@id":"https:\/\/www.can-borrell.com\/historia-3\/la-masia-de-can-borrell\/#breadcrumb"},"inLanguage":"es-ES","potentialAction":[{"@type":"ReadAction","target":["https:\/\/www.can-borrell.com\/historia-3\/la-masia-de-can-borrell\/"]}]},{"@type":"ImageObject","inLanguage":"es-ES","@id":"https:\/\/www.can-borrell.com\/historia-3\/la-masia-de-can-borrell\/#primaryimage","url":"http:\/\/www.can-borrell.com\/img\/f_historia_4.jpg","contentUrl":"http:\/\/www.can-borrell.com\/img\/f_historia_4.jpg"},{"@type":"BreadcrumbList","@id":"https:\/\/www.can-borrell.com\/historia-3\/la-masia-de-can-borrell\/#breadcrumb","itemListElement":[{"@type":"ListItem","position":1,"name":"Home","item":"https:\/\/www.can-borrell.com\/"},{"@type":"ListItem","position":2,"name":"La Mas\u00eda","item":"https:\/\/www.can-borrell.com\/historia-3\/"},{"@type":"ListItem","position":3,"name":"La Masia de Can Borrell"}]},{"@type":"WebSite","@id":"https:\/\/www.can-borrell.com\/#website","url":"https:\/\/www.can-borrell.com\/","name":"Restaurant Can Borrell","description":"Traditional catalan and mediterranean cuisine","potentialAction":[{"@type":"SearchAction","target":{"@type":"EntryPoint","urlTemplate":"https:\/\/www.can-borrell.com\/?s={search_term_string}"},"query-input":"required name=search_term_string"}],"inLanguage":"es-ES"}]}},"_links":{"self":[{"href":"https:\/\/www.can-borrell.com\/es\/wp-json\/wp\/v2\/pages\/137"}],"collection":[{"href":"https:\/\/www.can-borrell.com\/es\/wp-json\/wp\/v2\/pages"}],"about":[{"href":"https:\/\/www.can-borrell.com\/es\/wp-json\/wp\/v2\/types\/page"}],"author":[{"embeddable":true,"href":"https:\/\/www.can-borrell.com\/es\/wp-json\/wp\/v2\/users\/1"}],"replies":[{"embeddable":true,"href":"https:\/\/www.can-borrell.com\/es\/wp-json\/wp\/v2\/comments?post=137"}],"version-history":[{"count":7,"href":"https:\/\/www.can-borrell.com\/es\/wp-json\/wp\/v2\/pages\/137\/revisions"}],"predecessor-version":[{"id":924,"href":"https:\/\/www.can-borrell.com\/es\/wp-json\/wp\/v2\/pages\/137\/revisions\/924"}],"up":[{"embeddable":true,"href":"https:\/\/www.can-borrell.com\/es\/wp-json\/wp\/v2\/pages\/126"}],"wp:attachment":[{"href":"https:\/\/www.can-borrell.com\/es\/wp-json\/wp\/v2\/media?parent=137"}],"curies":[{"name":"wp","href":"https:\/\/api.w.org\/{rel}","templated":true}]}}