{"id":134,"date":"2016-05-20T14:32:21","date_gmt":"2016-05-20T14:32:21","guid":{"rendered":"http:\/\/www.can-borrell.com\/?page_id=134"},"modified":"2016-10-03T17:35:04","modified_gmt":"2016-10-03T17:35:04","slug":"la-pagesia-catalana-els-mansus-com-can-borrell","status":"publish","type":"page","link":"https:\/\/www.can-borrell.com\/es\/historia\/la-pagesia-catalana-els-mansus-com-can-borrell\/","title":{"rendered":"La pagesia catalana: los Mansus como Can Borrell"},"content":{"rendered":"<p class=\"titol\">Can Borrell es una de las mas\u00edas que ha tenido una larga tradici\u00f3n agr\u00edcola y rural a lo largo de los siglos. Son una buena muestra los campos de cultivo que rodean la finca. Uno de ellos, considerado de los mayores en el conjunto agr\u00edcola situado dentro del \u00e1mbito del Parc de Collserola.<\/p>\n<p>La pagesia (el campesinado) ata estrechamente prados de pasto con campos de cultivo, ganader\u00eda con agricultura. La proximidad del bosque tambi\u00e9n facilita madera para obrar los envigados, balconadas, y recursos energ\u00e9ticos como le\u00f1a y carb\u00f3n vegetal, as\u00ed como alimentos como las setas, esp\u00e1rragos, pi\u00f1ones, casta\u00f1as y piezas de caza.<\/p>\n<p><img decoding=\"async\" class=\"txt-foto-isqui\" title=\"Foto cedida por el Consorci del Parc de Collserola\" src=\"http:\/\/www.can-borrell.com\/img\/f_historia_2.jpg\" alt=\"\" \/>\u00a0 \u00a0<img decoding=\"async\" class=\"txt-foto-isqui\" title=\"Foto cedida por el Consorci del Parc de Collserola\" src=\"http:\/\/www.can-borrell.com\/img\/f_historia_2b.jpg\" alt=\"\" \/>\u00a0 \u00a0<img decoding=\"async\" class=\"txt-foto-isqui\" title=\"Foto cedida por el Consorci del Parc de Collserola\" src=\"http:\/\/www.can-borrell.com\/img\/f_historia_2c.jpg\" alt=\"\" \/><\/p>\n<div class=\"c-b\"><\/div>\n<p>\nEn el af\u00e1n del campesino para ganar tierras de labranza en el bosque, los claros cultivables tendieron a unirse formando grandes campos como los que tenemos en Can Borrell. Las casas de campo se adaptaron a las necesidades de la producci\u00f3n agraria. Se a\u00f1adieron elementos que se hicieron imprescindibles como las balsas, graneros, corrales y otras construcciones que facilitaban las duras tareas del campo.<\/p>\n<p>La situaci\u00f3n relativamente ben\u00e9vola que durante un tiempo vivieron las mas\u00edas, cambi\u00f3 a la primera mitad del siglo XI. Los campesinos se ve\u00edan sometidos a la presi\u00f3n de nobles y a la atracci\u00f3n de los grandes monasterios como el de Sant Cugat. Ten\u00edan que escoger protectores que les parecieran menos amenazadores.<br \/>\nLa mas\u00eda de Can Borrell sin embargo, es de las pocas con las cuales no se puede relacionar una sumisi\u00f3n directa a la hegemon\u00eda del condado barcelon\u00e9s que en aquellos momentos, se expand\u00eda por todas partes. Al Conde de Barcelona, Ramon Borrell II y su esposa Ermesenda de Carcasona, les vendieron incluso algunos bienes del propio Monasterio, seg\u00fan consta en el Cartulario del a\u00f1o 1013. Este hecho sin embargo, nos permite saber de la existencia del Mas Borrell en el valle de Gausac, ya en el siglo XI.<\/p>\n","protected":false},"excerpt":{"rendered":"<p>Can Borrell es una de las mas\u00edas que ha tenido una larga tradici\u00f3n agr\u00edcola y rural a lo largo de los siglos. Son una buena muestra los campos de cultivo que rodean la finca. Uno de ellos, considerado de los mayores en el conjunto agr\u00edcola situado dentro del \u00e1mbito del Parc de Collserola. La pagesia [&hellip;]<\/p>\n","protected":false},"author":1,"featured_media":0,"parent":126,"menu_order":0,"comment_status":"closed","ping_status":"closed","template":"page_historia_template.php","meta":{"footnotes":""},"yoast_head":"<!-- This site is optimized with the Yoast SEO plugin v22.8 - https:\/\/yoast.com\/wordpress\/plugins\/seo\/ -->\n<title>La pagesia catalana: los Mansus como Can Borrell - Restaurant Can Borrell<\/title>\n<meta name=\"robots\" content=\"index, follow, max-snippet:-1, max-image-preview:large, max-video-preview:-1\" \/>\n<link rel=\"canonical\" href=\"https:\/\/www.can-borrell.com\/historia-3\/la-pagesia-catalana-els-mansus-com-can-borrell\/\" \/>\n<meta property=\"og:locale\" content=\"es_ES\" \/>\n<meta property=\"og:type\" content=\"article\" \/>\n<meta property=\"og:title\" content=\"La pagesia catalana: los Mansus como Can Borrell - Restaurant Can Borrell\" \/>\n<meta property=\"og:description\" content=\"Can Borrell es una de las mas\u00edas que ha tenido una larga tradici\u00f3n agr\u00edcola y rural a lo largo de los siglos. Son una buena muestra los campos de cultivo que rodean la finca. Uno de ellos, considerado de los mayores en el conjunto agr\u00edcola situado dentro del \u00e1mbito del Parc de Collserola. La pagesia [&hellip;]\" \/>\n<meta property=\"og:url\" content=\"https:\/\/www.can-borrell.com\/historia-3\/la-pagesia-catalana-els-mansus-com-can-borrell\/\" \/>\n<meta property=\"og:site_name\" content=\"Restaurant Can Borrell\" \/>\n<meta property=\"article:modified_time\" content=\"2016-10-03T17:35:04+00:00\" \/>\n<meta property=\"og:image\" content=\"http:\/\/www.can-borrell.com\/img\/f_historia_2.jpg\" \/>\n<meta name=\"twitter:card\" content=\"summary_large_image\" \/>\n<meta name=\"twitter:label1\" content=\"Est. reading time\" \/>\n\t<meta name=\"twitter:data1\" content=\"2 minutes\" \/>\n<script type=\"application\/ld+json\" class=\"yoast-schema-graph\">{\"@context\":\"https:\/\/schema.org\",\"@graph\":[{\"@type\":\"WebPage\",\"@id\":\"https:\/\/www.can-borrell.com\/historia-3\/la-pagesia-catalana-els-mansus-com-can-borrell\/\",\"url\":\"https:\/\/www.can-borrell.com\/historia-3\/la-pagesia-catalana-els-mansus-com-can-borrell\/\",\"name\":\"La pagesia catalana: los Mansus como Can Borrell - Restaurant Can Borrell\",\"isPartOf\":{\"@id\":\"https:\/\/www.can-borrell.com\/#website\"},\"primaryImageOfPage\":{\"@id\":\"https:\/\/www.can-borrell.com\/historia-3\/la-pagesia-catalana-els-mansus-com-can-borrell\/#primaryimage\"},\"image\":{\"@id\":\"https:\/\/www.can-borrell.com\/historia-3\/la-pagesia-catalana-els-mansus-com-can-borrell\/#primaryimage\"},\"thumbnailUrl\":\"http:\/\/www.can-borrell.com\/img\/f_historia_2.jpg\",\"datePublished\":\"2016-05-20T14:32:21+00:00\",\"dateModified\":\"2016-10-03T17:35:04+00:00\",\"breadcrumb\":{\"@id\":\"https:\/\/www.can-borrell.com\/historia-3\/la-pagesia-catalana-els-mansus-com-can-borrell\/#breadcrumb\"},\"inLanguage\":\"es-ES\",\"potentialAction\":[{\"@type\":\"ReadAction\",\"target\":[\"https:\/\/www.can-borrell.com\/historia-3\/la-pagesia-catalana-els-mansus-com-can-borrell\/\"]}]},{\"@type\":\"ImageObject\",\"inLanguage\":\"es-ES\",\"@id\":\"https:\/\/www.can-borrell.com\/historia-3\/la-pagesia-catalana-els-mansus-com-can-borrell\/#primaryimage\",\"url\":\"http:\/\/www.can-borrell.com\/img\/f_historia_2.jpg\",\"contentUrl\":\"http:\/\/www.can-borrell.com\/img\/f_historia_2.jpg\"},{\"@type\":\"BreadcrumbList\",\"@id\":\"https:\/\/www.can-borrell.com\/historia-3\/la-pagesia-catalana-els-mansus-com-can-borrell\/#breadcrumb\",\"itemListElement\":[{\"@type\":\"ListItem\",\"position\":1,\"name\":\"Home\",\"item\":\"https:\/\/www.can-borrell.com\/\"},{\"@type\":\"ListItem\",\"position\":2,\"name\":\"La Mas\u00eda\",\"item\":\"https:\/\/www.can-borrell.com\/historia-3\/\"},{\"@type\":\"ListItem\",\"position\":3,\"name\":\"La pagesia catalana: los Mansus como Can Borrell\"}]},{\"@type\":\"WebSite\",\"@id\":\"https:\/\/www.can-borrell.com\/#website\",\"url\":\"https:\/\/www.can-borrell.com\/\",\"name\":\"Restaurant Can Borrell\",\"description\":\"Traditional catalan and mediterranean cuisine\",\"potentialAction\":[{\"@type\":\"SearchAction\",\"target\":{\"@type\":\"EntryPoint\",\"urlTemplate\":\"https:\/\/www.can-borrell.com\/?s={search_term_string}\"},\"query-input\":\"required name=search_term_string\"}],\"inLanguage\":\"es-ES\"}]}<\/script>\n<!-- \/ Yoast SEO plugin. -->","yoast_head_json":{"title":"La pagesia catalana: los Mansus como Can Borrell - Restaurant Can Borrell","robots":{"index":"index","follow":"follow","max-snippet":"max-snippet:-1","max-image-preview":"max-image-preview:large","max-video-preview":"max-video-preview:-1"},"canonical":"https:\/\/www.can-borrell.com\/historia-3\/la-pagesia-catalana-els-mansus-com-can-borrell\/","og_locale":"es_ES","og_type":"article","og_title":"La pagesia catalana: los Mansus como Can Borrell - Restaurant Can Borrell","og_description":"Can Borrell es una de las mas\u00edas que ha tenido una larga tradici\u00f3n agr\u00edcola y rural a lo largo de los siglos. Son una buena muestra los campos de cultivo que rodean la finca. Uno de ellos, considerado de los mayores en el conjunto agr\u00edcola situado dentro del \u00e1mbito del Parc de Collserola. La pagesia [&hellip;]","og_url":"https:\/\/www.can-borrell.com\/historia-3\/la-pagesia-catalana-els-mansus-com-can-borrell\/","og_site_name":"Restaurant Can Borrell","article_modified_time":"2016-10-03T17:35:04+00:00","og_image":[{"url":"http:\/\/www.can-borrell.com\/img\/f_historia_2.jpg"}],"twitter_card":"summary_large_image","twitter_misc":{"Est. reading time":"2 minutes"},"schema":{"@context":"https:\/\/schema.org","@graph":[{"@type":"WebPage","@id":"https:\/\/www.can-borrell.com\/historia-3\/la-pagesia-catalana-els-mansus-com-can-borrell\/","url":"https:\/\/www.can-borrell.com\/historia-3\/la-pagesia-catalana-els-mansus-com-can-borrell\/","name":"La pagesia catalana: los Mansus como Can Borrell - Restaurant Can Borrell","isPartOf":{"@id":"https:\/\/www.can-borrell.com\/#website"},"primaryImageOfPage":{"@id":"https:\/\/www.can-borrell.com\/historia-3\/la-pagesia-catalana-els-mansus-com-can-borrell\/#primaryimage"},"image":{"@id":"https:\/\/www.can-borrell.com\/historia-3\/la-pagesia-catalana-els-mansus-com-can-borrell\/#primaryimage"},"thumbnailUrl":"http:\/\/www.can-borrell.com\/img\/f_historia_2.jpg","datePublished":"2016-05-20T14:32:21+00:00","dateModified":"2016-10-03T17:35:04+00:00","breadcrumb":{"@id":"https:\/\/www.can-borrell.com\/historia-3\/la-pagesia-catalana-els-mansus-com-can-borrell\/#breadcrumb"},"inLanguage":"es-ES","potentialAction":[{"@type":"ReadAction","target":["https:\/\/www.can-borrell.com\/historia-3\/la-pagesia-catalana-els-mansus-com-can-borrell\/"]}]},{"@type":"ImageObject","inLanguage":"es-ES","@id":"https:\/\/www.can-borrell.com\/historia-3\/la-pagesia-catalana-els-mansus-com-can-borrell\/#primaryimage","url":"http:\/\/www.can-borrell.com\/img\/f_historia_2.jpg","contentUrl":"http:\/\/www.can-borrell.com\/img\/f_historia_2.jpg"},{"@type":"BreadcrumbList","@id":"https:\/\/www.can-borrell.com\/historia-3\/la-pagesia-catalana-els-mansus-com-can-borrell\/#breadcrumb","itemListElement":[{"@type":"ListItem","position":1,"name":"Home","item":"https:\/\/www.can-borrell.com\/"},{"@type":"ListItem","position":2,"name":"La Mas\u00eda","item":"https:\/\/www.can-borrell.com\/historia-3\/"},{"@type":"ListItem","position":3,"name":"La pagesia catalana: los Mansus como Can Borrell"}]},{"@type":"WebSite","@id":"https:\/\/www.can-borrell.com\/#website","url":"https:\/\/www.can-borrell.com\/","name":"Restaurant Can Borrell","description":"Traditional catalan and mediterranean cuisine","potentialAction":[{"@type":"SearchAction","target":{"@type":"EntryPoint","urlTemplate":"https:\/\/www.can-borrell.com\/?s={search_term_string}"},"query-input":"required name=search_term_string"}],"inLanguage":"es-ES"}]}},"_links":{"self":[{"href":"https:\/\/www.can-borrell.com\/es\/wp-json\/wp\/v2\/pages\/134"}],"collection":[{"href":"https:\/\/www.can-borrell.com\/es\/wp-json\/wp\/v2\/pages"}],"about":[{"href":"https:\/\/www.can-borrell.com\/es\/wp-json\/wp\/v2\/types\/page"}],"author":[{"embeddable":true,"href":"https:\/\/www.can-borrell.com\/es\/wp-json\/wp\/v2\/users\/1"}],"replies":[{"embeddable":true,"href":"https:\/\/www.can-borrell.com\/es\/wp-json\/wp\/v2\/comments?post=134"}],"version-history":[{"count":7,"href":"https:\/\/www.can-borrell.com\/es\/wp-json\/wp\/v2\/pages\/134\/revisions"}],"predecessor-version":[{"id":914,"href":"https:\/\/www.can-borrell.com\/es\/wp-json\/wp\/v2\/pages\/134\/revisions\/914"}],"up":[{"embeddable":true,"href":"https:\/\/www.can-borrell.com\/es\/wp-json\/wp\/v2\/pages\/126"}],"wp:attachment":[{"href":"https:\/\/www.can-borrell.com\/es\/wp-json\/wp\/v2\/media?parent=134"}],"curies":[{"name":"wp","href":"https:\/\/api.w.org\/{rel}","templated":true}]}}